{"id":3593,"date":"2019-04-06T08:31:33","date_gmt":"2019-04-06T13:31:33","guid":{"rendered":"https:\/\/fittingsgo.com\/product\/super-adhesif-pour-bourrelets-et-joints-detancheite\/"},"modified":"2020-01-15T22:01:40","modified_gmt":"2020-01-16T03:01:40","slug":"super-adhesif-pour-bourrelets-et-joints-etancheite","status":"publish","type":"product","link":"https:\/\/fittingsgo.com\/fr\/produit\/super-adhesif-pour-bourrelets-et-joints-etancheite\/","title":{"rendered":"Super adh\u00e9sif pour bourrelets et joints d\u2019\u00e9tanch\u00e9it\u00e9"},"content":{"rendered":"<p>80010, 80119<\/p>\n<div id=\"themify_builder_content-3593\" data-postid=\"3593\" class=\"themify_builder_content themify_builder_content-3593 themify_builder\">\n    <\/div>\n<!-- \/themify_builder_content -->\n","protected":false},"excerpt":{"rendered":"<p>Adh\u00e9sif flexible et caoutchouteux | Aide \u00e0 fournir une forte adh\u00e9sion | S\u00e9chage rapide<br \/>\nR\u00e9siste \u00e0 l&#8217;huile, \u00e0 la graisse et aux solvants | Moins de 4 minutes de travail<br \/>\nEnti\u00e8rement gu\u00e9ri en 24 heures | Consistance p\u00e2teuse<br \/>\nLe super adh\u00e9sif pour bourrelets et joints d\u2019\u00e9tanch\u00e9it\u00e9 3M est un adh\u00e9sif puissant et flexible qui peut \u00eatre utilis\u00e9 pour coller des bourrelets d\u2019\u00e9tanch\u00e9it\u00e9 \u00e0 des pi\u00e8ces automobiles, y compris les portes de voiture, les coffres, les toits en T et les toits ouvrants.<\/p>\n","protected":false},"featured_media":3337,"comment_status":"open","ping_status":"closed","template":"","meta":[],"product_brand":[],"product_cat":[427],"product_tag":[180,189,177],"class_list":{"0":"post-3593","1":"product","2":"type-product","3":"status-publish","4":"has-post-thumbnail","6":"product_cat-silicones-et-adhesifs","7":"product_tag-automotive-fr","8":"product_tag-fournitures-datelier","9":"product_tag-pieces-dautos","10":"has-post-title","11":"has-post-date","12":"has-post-category","13":"has-post-tag","14":"has-post-comment","15":"has-post-author","16":"","17":"fullcover","19":"first","20":"instock","21":"taxable","22":"shipping-taxable","23":"purchasable","24":"product-type-variable"},"jetpack_sharing_enabled":true,"builder_content":"","_links":{"self":[{"href":"https:\/\/fittingsgo.com\/fr\/wp-json\/wp\/v2\/product\/3593","targetHints":{"allow":["GET"]}}],"collection":[{"href":"https:\/\/fittingsgo.com\/fr\/wp-json\/wp\/v2\/product"}],"about":[{"href":"https:\/\/fittingsgo.com\/fr\/wp-json\/wp\/v2\/types\/product"}],"replies":[{"embeddable":true,"href":"https:\/\/fittingsgo.com\/fr\/wp-json\/wp\/v2\/comments?post=3593"}],"wp:featuredmedia":[{"embeddable":true,"href":"https:\/\/fittingsgo.com\/fr\/wp-json\/wp\/v2\/media\/3337"}],"wp:attachment":[{"href":"https:\/\/fittingsgo.com\/fr\/wp-json\/wp\/v2\/media?parent=3593"}],"wp:term":[{"taxonomy":"product_brand","embeddable":true,"href":"https:\/\/fittingsgo.com\/fr\/wp-json\/wp\/v2\/product_brand?post=3593"},{"taxonomy":"product_cat","embeddable":true,"href":"https:\/\/fittingsgo.com\/fr\/wp-json\/wp\/v2\/product_cat?post=3593"},{"taxonomy":"product_tag","embeddable":true,"href":"https:\/\/fittingsgo.com\/fr\/wp-json\/wp\/v2\/product_tag?post=3593"}],"curies":[{"name":"wp","href":"https:\/\/api.w.org\/{rel}","templated":true}]}}