{"id":3592,"date":"2019-04-06T08:40:49","date_gmt":"2019-04-06T13:40:49","guid":{"rendered":"https:\/\/fittingsgo.com\/product\/ruban-electrique\/"},"modified":"2020-04-30T22:35:45","modified_gmt":"2020-05-01T03:35:45","slug":"ruban-electrique","status":"publish","type":"product","link":"https:\/\/fittingsgo.com\/fr\/produit\/ruban-electrique\/","title":{"rendered":"Ruban \u00e9lectrique"},"content":{"rendered":"<p>06132<\/p>\n<div id=\"themify_builder_content-3592\" data-postid=\"3592\" class=\"themify_builder_content themify_builder_content-3592 themify_builder\">\n    <\/div>\n<!-- \/themify_builder_content -->\n","protected":false},"excerpt":{"rendered":"<p>Scotch Super 33+ Vinyl Electrical Tape est un ruban isolant tout vinyle, con\u00e7u pour r\u00e9sister aux intemp\u00e9ries, pour des temp\u00e9ratures allant de -18\u00b0C \u00e0 105\u00b0C (0\u00b0F \u00e0 221\u00b0F). La combinaison d&#8217;un dos \u00e9lastique et d&#8217;un adh\u00e9sif agressif fournit une protection \u00e9lectrique et m\u00e9canique \u00e9tanche \u00e0 l&#8217;humidit\u00e9 avec un encombrement minimum.<br \/>\nPour les applications int\u00e9rieures et ext\u00e9rieures.<br \/>\nPolychlorure de vinyle (PVC) support<br \/>\nCompatible avec les isolants de c\u00e2bles di\u00e9lectriques massifs, et les compos\u00e9s d&#8217;\u00e9pissure en caoutchouc et synth\u00e9tiques.<br \/>\nInhibe la corrosion des conducteurs \u00e9lectriques.<br \/>\nExcellente r\u00e9sistance \u00e0 l&#8217;abrasion, \u00e0 l&#8217;humidit\u00e9, aux alcalis, aux acides, \u00e0 la corrosion et aux conditions climatiques.<br \/>\nIgnifuge.<br \/>\nIsolation \u00e9lectrique primaire pour toutes les \u00e9pissures de fils et de c\u00e2bles jusqu&#8217;\u00e0 600 volts et jusqu&#8217;\u00e0 105 \u00b0 C (220 \u00b0 F).<br \/>\nGaine de protection pour \u00e9pissures et r\u00e9parations de c\u00e2bles haute tension.<br \/>\nFabriqu\u00e9 par 3M<\/p>\n","protected":false},"featured_media":3339,"comment_status":"open","ping_status":"closed","template":"","meta":[],"product_brand":[],"product_cat":[427],"product_tag":[180,189,177],"class_list":{"0":"post-3592","1":"product","2":"type-product","3":"status-publish","4":"has-post-thumbnail","6":"product_cat-silicones-et-adhesifs","7":"product_tag-automotive-fr","8":"product_tag-fournitures-datelier","9":"product_tag-pieces-dautos","10":"has-post-title","11":"has-post-date","12":"has-post-category","13":"has-post-tag","14":"has-post-comment","15":"has-post-author","16":"","17":"fullcover","19":"first","20":"instock","21":"taxable","22":"shipping-taxable","23":"purchasable","24":"product-type-simple"},"jetpack_sharing_enabled":true,"builder_content":"","_links":{"self":[{"href":"https:\/\/fittingsgo.com\/fr\/wp-json\/wp\/v2\/product\/3592","targetHints":{"allow":["GET"]}}],"collection":[{"href":"https:\/\/fittingsgo.com\/fr\/wp-json\/wp\/v2\/product"}],"about":[{"href":"https:\/\/fittingsgo.com\/fr\/wp-json\/wp\/v2\/types\/product"}],"replies":[{"embeddable":true,"href":"https:\/\/fittingsgo.com\/fr\/wp-json\/wp\/v2\/comments?post=3592"}],"wp:featuredmedia":[{"embeddable":true,"href":"https:\/\/fittingsgo.com\/fr\/wp-json\/wp\/v2\/media\/3339"}],"wp:attachment":[{"href":"https:\/\/fittingsgo.com\/fr\/wp-json\/wp\/v2\/media?parent=3592"}],"wp:term":[{"taxonomy":"product_brand","embeddable":true,"href":"https:\/\/fittingsgo.com\/fr\/wp-json\/wp\/v2\/product_brand?post=3592"},{"taxonomy":"product_cat","embeddable":true,"href":"https:\/\/fittingsgo.com\/fr\/wp-json\/wp\/v2\/product_cat?post=3592"},{"taxonomy":"product_tag","embeddable":true,"href":"https:\/\/fittingsgo.com\/fr\/wp-json\/wp\/v2\/product_tag?post=3592"}],"curies":[{"name":"wp","href":"https:\/\/api.w.org\/{rel}","templated":true}]}}