{"id":3591,"date":"2019-04-06T08:46:45","date_gmt":"2019-04-06T13:46:45","guid":{"rendered":"https:\/\/fittingsgo.com\/product\/adhesif-en-aerosol\/"},"modified":"2019-09-28T20:31:11","modified_gmt":"2019-09-29T01:31:11","slug":"adhesif-en-aerosol","status":"publish","type":"product","link":"https:\/\/fittingsgo.com\/fr\/produit\/adhesif-en-aerosol\/","title":{"rendered":"Adh\u00e9sif en a\u00e9rosol"},"content":{"rendered":"<p>PF528, PF-528<\/p>\n<div id=\"themify_builder_content-3591\" data-postid=\"3591\" class=\"themify_builder_content themify_builder_content-3591 themify_builder\">\n    <\/div>\n<!-- \/themify_builder_content -->\n","protected":false},"excerpt":{"rendered":"<p>Adh\u00e9sif de garniture \u00abHEAVY DUTY\u00bb<br \/>\nAdh\u00e9sif transparent \u00e0 haute r\u00e9sistance pour lier de nombreux mat\u00e9riaux, notamment les tapis, les isolants, la mousse d\u2019ur\u00e9thane, les garnitures de toit l\u00e9g\u00e8res, les tissus, les plastiques, le caoutchouc et les rev\u00eatements de vinyle flexibles sur supports m\u00e9talliques et autres supports. Il offre une excellente r\u00e9sistance \u00e0 la chaleur, \u00e0 l&#8217;humidit\u00e9 et \u00e0 l&#8217;eau.<br \/>\nFabriqu\u00e9 par Pro Form<\/p>\n","protected":false},"featured_media":3340,"comment_status":"open","ping_status":"closed","template":"","meta":[],"product_brand":[],"product_cat":[427],"product_tag":[180,189,177],"class_list":{"0":"post-3591","1":"product","2":"type-product","3":"status-publish","4":"has-post-thumbnail","6":"product_cat-silicones-et-adhesifs","7":"product_tag-automotive-fr","8":"product_tag-fournitures-datelier","9":"product_tag-pieces-dautos","10":"has-post-title","11":"has-post-date","12":"has-post-category","13":"has-post-tag","14":"has-post-comment","15":"has-post-author","16":"","17":"fullcover","19":"first","20":"instock","21":"taxable","22":"shipping-taxable","23":"purchasable","24":"product-type-simple"},"jetpack_sharing_enabled":true,"builder_content":"","_links":{"self":[{"href":"https:\/\/fittingsgo.com\/fr\/wp-json\/wp\/v2\/product\/3591","targetHints":{"allow":["GET"]}}],"collection":[{"href":"https:\/\/fittingsgo.com\/fr\/wp-json\/wp\/v2\/product"}],"about":[{"href":"https:\/\/fittingsgo.com\/fr\/wp-json\/wp\/v2\/types\/product"}],"replies":[{"embeddable":true,"href":"https:\/\/fittingsgo.com\/fr\/wp-json\/wp\/v2\/comments?post=3591"}],"wp:featuredmedia":[{"embeddable":true,"href":"https:\/\/fittingsgo.com\/fr\/wp-json\/wp\/v2\/media\/3340"}],"wp:attachment":[{"href":"https:\/\/fittingsgo.com\/fr\/wp-json\/wp\/v2\/media?parent=3591"}],"wp:term":[{"taxonomy":"product_brand","embeddable":true,"href":"https:\/\/fittingsgo.com\/fr\/wp-json\/wp\/v2\/product_brand?post=3591"},{"taxonomy":"product_cat","embeddable":true,"href":"https:\/\/fittingsgo.com\/fr\/wp-json\/wp\/v2\/product_cat?post=3591"},{"taxonomy":"product_tag","embeddable":true,"href":"https:\/\/fittingsgo.com\/fr\/wp-json\/wp\/v2\/product_tag?post=3591"}],"curies":[{"name":"wp","href":"https:\/\/api.w.org\/{rel}","templated":true}]}}