{"id":3590,"date":"2019-04-06T10:23:36","date_gmt":"2019-04-06T15:23:36","guid":{"rendered":"https:\/\/fittingsgo.com\/product\/extracteur-de-noix-de-securite\/"},"modified":"2019-11-12T21:14:31","modified_gmt":"2019-11-13T02:14:31","slug":"extracteur-de-noix-de-securite","status":"publish","type":"product","link":"https:\/\/fittingsgo.com\/fr\/produit\/extracteur-de-noix-de-securite\/","title":{"rendered":"Extracteurs de noix de s\u00e9curit\u00e9"},"content":{"rendered":"<p>AST7402, AST-7402, 7402<\/p>\n<div id=\"themify_builder_content-3590\" data-postid=\"3590\" class=\"themify_builder_content themify_builder_content-3590 themify_builder\">\n    <\/div>\n<!-- \/themify_builder_content -->\n","protected":false},"excerpt":{"rendered":"<p>&#8211;\u00a02 douilles de torsion, prise double, 1\/2 po.<br \/>\n&#8211; L&#8217;ensemble comprend un outil de d\u00e9pose d&#8217;\u00e9crou de roue endommag\u00e9 &#8211; 3\/4 &#8220;(19mm) &amp; 13\/16&#8221; (21mm) et un blocage de roue endommag\u00e9 &#8211; &#8211; Outil de retrait &#8211; 7\/8 &#8220;(22mm) et 15\/16&#8221; (24mm)<br \/>\n&#8211; Rapide et facile \u00e0 utiliser<br \/>\nFabriqu\u00e9 en acier CrMo (chrome molybd\u00e8ne)<br \/>\nFabriqu\u00e9 par Astro Tools<\/p>\n","protected":false},"featured_media":7215,"comment_status":"open","ping_status":"closed","template":"","meta":[],"product_brand":[],"product_cat":[499,218],"product_tag":[180,189,177],"class_list":{"0":"post-3590","1":"product","2":"type-product","3":"status-publish","4":"has-post-thumbnail","6":"product_cat-extracteurs","7":"product_cat-outils-de-pneus-et-roues","8":"product_tag-automotive-fr","9":"product_tag-fournitures-datelier","10":"product_tag-pieces-dautos","11":"has-post-title","12":"has-post-date","13":"has-post-category","14":"has-post-tag","15":"has-post-comment","16":"has-post-author","17":"","18":"fullcover","20":"first","21":"outofstock","22":"taxable","23":"shipping-taxable","24":"purchasable","25":"product-type-simple"},"jetpack_sharing_enabled":true,"builder_content":"","_links":{"self":[{"href":"https:\/\/fittingsgo.com\/fr\/wp-json\/wp\/v2\/product\/3590","targetHints":{"allow":["GET"]}}],"collection":[{"href":"https:\/\/fittingsgo.com\/fr\/wp-json\/wp\/v2\/product"}],"about":[{"href":"https:\/\/fittingsgo.com\/fr\/wp-json\/wp\/v2\/types\/product"}],"replies":[{"embeddable":true,"href":"https:\/\/fittingsgo.com\/fr\/wp-json\/wp\/v2\/comments?post=3590"}],"wp:featuredmedia":[{"embeddable":true,"href":"https:\/\/fittingsgo.com\/fr\/wp-json\/wp\/v2\/media\/7215"}],"wp:attachment":[{"href":"https:\/\/fittingsgo.com\/fr\/wp-json\/wp\/v2\/media?parent=3590"}],"wp:term":[{"taxonomy":"product_brand","embeddable":true,"href":"https:\/\/fittingsgo.com\/fr\/wp-json\/wp\/v2\/product_brand?post=3590"},{"taxonomy":"product_cat","embeddable":true,"href":"https:\/\/fittingsgo.com\/fr\/wp-json\/wp\/v2\/product_cat?post=3590"},{"taxonomy":"product_tag","embeddable":true,"href":"https:\/\/fittingsgo.com\/fr\/wp-json\/wp\/v2\/product_tag?post=3590"}],"curies":[{"name":"wp","href":"https:\/\/api.w.org\/{rel}","templated":true}]}}