{"id":3588,"date":"2019-04-06T10:38:48","date_gmt":"2019-04-06T15:38:48","guid":{"rendered":"https:\/\/fittingsgo.com\/product\/paquet-de-2-mini-tubes-de-graisse\/"},"modified":"2023-04-28T13:17:47","modified_gmt":"2023-04-28T18:17:47","slug":"paquet-de-2-mini-tubes-de-graisse","status":"publish","type":"product","link":"https:\/\/fittingsgo.com\/fr\/produit\/paquet-de-2-mini-tubes-de-graisse\/","title":{"rendered":"Paquet de 2 mini tubes de graisse"},"content":{"rendered":"<p>W54206<\/p>\n<div id=\"themify_builder_content-3588\" data-postid=\"3588\" class=\"themify_builder_content themify_builder_content-3588 themify_builder\">\n    <\/div>\n<!-- \/themify_builder_content -->\n","protected":false},"excerpt":{"rendered":"<p>Cartouches de graisse pour le <a href=\"https:\/\/fittingsgo.com\/fr\/produit\/mini-pistolet-a-graisse\/\" target=\"_blank\" rel=\"noopener\">W54205 mini pistolet \u00e0 graisse<\/a><br \/>\n&#8211; La graisse polyvalente \u00e0 base de lithium est con\u00e7ue pour les applications l\u00e9g\u00e8res n\u00e9cessitant une lubrification prolong\u00e9e.<br \/>\n-Pour les \u00e9quipements automobiles, industriels, agricoles ou commerciaux l\u00e9gers.<br \/>\n&#8211; Consistance lisse, r\u00e9sistant \u00e0 l&#8217;eau et extr\u00eamement stable.<br \/>\n&#8211; Utiliser sur les ressorts, les pompes \u00e0 eau, les roulements, les accessoires de ch\u00e2ssis et tout projet de lubrification g\u00e9n\u00e9rale.<br \/>\n&#8211; National Lubricating Grease Institute (NLGI) #2<br \/>\nFabriqu\u00e9 par Performance Tool<\/p>\n","protected":false},"featured_media":3343,"comment_status":"open","ping_status":"closed","template":"","meta":[],"product_brand":[],"product_cat":[302],"product_tag":[180,189,177],"class_list":{"0":"post-3588","1":"product","2":"type-product","3":"status-publish","4":"has-post-thumbnail","6":"product_cat-graisses","7":"product_tag-automotive-fr","8":"product_tag-fournitures-datelier","9":"product_tag-pieces-dautos","10":"has-post-title","11":"has-post-date","12":"has-post-category","13":"has-post-tag","14":"has-post-comment","15":"has-post-author","16":"","17":"fullcover","19":"first","20":"instock","21":"taxable","22":"shipping-taxable","23":"purchasable","24":"product-type-simple"},"jetpack_sharing_enabled":true,"builder_content":"","_links":{"self":[{"href":"https:\/\/fittingsgo.com\/fr\/wp-json\/wp\/v2\/product\/3588","targetHints":{"allow":["GET"]}}],"collection":[{"href":"https:\/\/fittingsgo.com\/fr\/wp-json\/wp\/v2\/product"}],"about":[{"href":"https:\/\/fittingsgo.com\/fr\/wp-json\/wp\/v2\/types\/product"}],"replies":[{"embeddable":true,"href":"https:\/\/fittingsgo.com\/fr\/wp-json\/wp\/v2\/comments?post=3588"}],"wp:featuredmedia":[{"embeddable":true,"href":"https:\/\/fittingsgo.com\/fr\/wp-json\/wp\/v2\/media\/3343"}],"wp:attachment":[{"href":"https:\/\/fittingsgo.com\/fr\/wp-json\/wp\/v2\/media?parent=3588"}],"wp:term":[{"taxonomy":"product_brand","embeddable":true,"href":"https:\/\/fittingsgo.com\/fr\/wp-json\/wp\/v2\/product_brand?post=3588"},{"taxonomy":"product_cat","embeddable":true,"href":"https:\/\/fittingsgo.com\/fr\/wp-json\/wp\/v2\/product_cat?post=3588"},{"taxonomy":"product_tag","embeddable":true,"href":"https:\/\/fittingsgo.com\/fr\/wp-json\/wp\/v2\/product_tag?post=3588"}],"curies":[{"name":"wp","href":"https:\/\/api.w.org\/{rel}","templated":true}]}}