{"id":3578,"date":"2019-04-06T11:08:29","date_gmt":"2019-04-06T16:08:29","guid":{"rendered":"https:\/\/fittingsgo.com\/product\/disques-a-tronconnage\/"},"modified":"2020-01-04T17:10:42","modified_gmt":"2020-01-04T22:10:42","slug":"disques-a-tronconner-pour-meuleuses-angle","status":"publish","type":"product","link":"https:\/\/fittingsgo.com\/fr\/produit\/disques-a-tronconner-pour-meuleuses-angle\/","title":{"rendered":"Disques \u00e0 tron\u00e7onner pour meuleuses d&#8217;angle"},"content":{"rendered":"<p>Interchange: 501570, 501571, 501572, 501575, 501576, 501577, 501581, 501582, 501586, <\/p>\n<div id=\"themify_builder_content-3578\" data-postid=\"3578\" class=\"themify_builder_content themify_builder_content-3578 themify_builder\">\n    <\/div>\n<!-- \/themify_builder_content -->\n","protected":false},"excerpt":{"rendered":"<p>TROU DE 7\/8 &#8220;| Disque plat<br \/>\n&#8211; Fabriqu\u00e9s avec la technologie la plus avanc\u00e9e en mati\u00e8re de grains, les liaisons et les renforts offrent une coupe rapide, \u00e0 froid et sans br\u00fblure de l&#8217;acier et de l&#8217;acier inoxydable.<br \/>\nPour meuleuses d&#8217;angle.<br \/>\nFabriqu\u00e9 par Jet (Surewerx)<\/p>\n","protected":false},"featured_media":3345,"comment_status":"open","ping_status":"closed","template":"","meta":[],"product_brand":[],"product_cat":[226],"product_tag":[180,189,177],"class_list":{"0":"post-3578","1":"product","2":"type-product","3":"status-publish","4":"has-post-thumbnail","6":"product_cat-disques-coupe-meulage","7":"product_tag-automotive-fr","8":"product_tag-fournitures-datelier","9":"product_tag-pieces-dautos","10":"has-post-title","11":"has-post-date","12":"has-post-category","13":"has-post-tag","14":"has-post-comment","15":"has-post-author","16":"","17":"fullcover","19":"first","20":"instock","21":"taxable","22":"shipping-taxable","23":"purchasable","24":"product-type-variable"},"jetpack_sharing_enabled":true,"builder_content":"","_links":{"self":[{"href":"https:\/\/fittingsgo.com\/fr\/wp-json\/wp\/v2\/product\/3578","targetHints":{"allow":["GET"]}}],"collection":[{"href":"https:\/\/fittingsgo.com\/fr\/wp-json\/wp\/v2\/product"}],"about":[{"href":"https:\/\/fittingsgo.com\/fr\/wp-json\/wp\/v2\/types\/product"}],"replies":[{"embeddable":true,"href":"https:\/\/fittingsgo.com\/fr\/wp-json\/wp\/v2\/comments?post=3578"}],"wp:featuredmedia":[{"embeddable":true,"href":"https:\/\/fittingsgo.com\/fr\/wp-json\/wp\/v2\/media\/3345"}],"wp:attachment":[{"href":"https:\/\/fittingsgo.com\/fr\/wp-json\/wp\/v2\/media?parent=3578"}],"wp:term":[{"taxonomy":"product_brand","embeddable":true,"href":"https:\/\/fittingsgo.com\/fr\/wp-json\/wp\/v2\/product_brand?post=3578"},{"taxonomy":"product_cat","embeddable":true,"href":"https:\/\/fittingsgo.com\/fr\/wp-json\/wp\/v2\/product_cat?post=3578"},{"taxonomy":"product_tag","embeddable":true,"href":"https:\/\/fittingsgo.com\/fr\/wp-json\/wp\/v2\/product_tag?post=3578"}],"curies":[{"name":"wp","href":"https:\/\/api.w.org\/{rel}","templated":true}]}}