{"id":3571,"date":"2019-04-06T11:32:46","date_gmt":"2019-04-06T16:32:46","guid":{"rendered":"https:\/\/fittingsgo.com\/product\/disques-de-meulage\/"},"modified":"2020-01-04T17:14:47","modified_gmt":"2020-01-04T22:14:47","slug":"disques-meulage","status":"publish","type":"product","link":"https:\/\/fittingsgo.com\/fr\/produit\/disques-meulage\/","title":{"rendered":"Disques \u00e0 meuler pour meuleuses d&#8217;angle"},"content":{"rendered":"<p>Interchange: 500408, 500418, 500428, 500432, 500438, 500448, <\/p>\n<div id=\"themify_builder_content-3571\" data-postid=\"3571\" class=\"themify_builder_content themify_builder_content-3571 themify_builder\">\n    <\/div>\n<!-- \/themify_builder_content -->\n","protected":false},"excerpt":{"rendered":"<p>CENTRE D\u00c9PRIM\u00c9 (POUR LES MEULEUSES EN ANGLE)<br \/>\n&#8211; Sp\u00e9cialement formul\u00e9 pour le meulage hautes performances dans une large gamme d&#8217;op\u00e9rations de meulage sur acier.<br \/>\n&#8211; Fabriqu\u00e9 avec des grains abrasifs de haute qualit\u00e9 pour des r\u00e9sultats de meulage plus rapides avec moins d&#8217;effort.<br \/>\n&#8211; La nouvelle formule am\u00e9lior\u00e9e offre une performance de meulage am\u00e9lior\u00e9e de 20%.<br \/>\nPour meuleuses d&#8217;angle<br \/>\nFabriqu\u00e9 par Jet (Surewerx)<\/p>\n","protected":false},"featured_media":3346,"comment_status":"open","ping_status":"closed","template":"","meta":[],"product_brand":[],"product_cat":[226],"product_tag":[180,189,177],"class_list":{"0":"post-3571","1":"product","2":"type-product","3":"status-publish","4":"has-post-thumbnail","6":"product_cat-disques-coupe-meulage","7":"product_tag-automotive-fr","8":"product_tag-fournitures-datelier","9":"product_tag-pieces-dautos","10":"has-post-title","11":"has-post-date","12":"has-post-category","13":"has-post-tag","14":"has-post-comment","15":"has-post-author","16":"","17":"fullcover","19":"first","20":"instock","21":"taxable","22":"shipping-taxable","23":"purchasable","24":"product-type-variable"},"jetpack_sharing_enabled":true,"builder_content":"","_links":{"self":[{"href":"https:\/\/fittingsgo.com\/fr\/wp-json\/wp\/v2\/product\/3571","targetHints":{"allow":["GET"]}}],"collection":[{"href":"https:\/\/fittingsgo.com\/fr\/wp-json\/wp\/v2\/product"}],"about":[{"href":"https:\/\/fittingsgo.com\/fr\/wp-json\/wp\/v2\/types\/product"}],"replies":[{"embeddable":true,"href":"https:\/\/fittingsgo.com\/fr\/wp-json\/wp\/v2\/comments?post=3571"}],"wp:featuredmedia":[{"embeddable":true,"href":"https:\/\/fittingsgo.com\/fr\/wp-json\/wp\/v2\/media\/3346"}],"wp:attachment":[{"href":"https:\/\/fittingsgo.com\/fr\/wp-json\/wp\/v2\/media?parent=3571"}],"wp:term":[{"taxonomy":"product_brand","embeddable":true,"href":"https:\/\/fittingsgo.com\/fr\/wp-json\/wp\/v2\/product_brand?post=3571"},{"taxonomy":"product_cat","embeddable":true,"href":"https:\/\/fittingsgo.com\/fr\/wp-json\/wp\/v2\/product_cat?post=3571"},{"taxonomy":"product_tag","embeddable":true,"href":"https:\/\/fittingsgo.com\/fr\/wp-json\/wp\/v2\/product_tag?post=3571"}],"curies":[{"name":"wp","href":"https:\/\/api.w.org\/{rel}","templated":true}]}}