{"id":3538,"date":"2019-04-07T10:17:55","date_gmt":"2019-04-07T15:17:55","guid":{"rendered":"https:\/\/fittingsgo.com\/product\/douille-de-bougie-pour-5-4-triton\/"},"modified":"2019-06-27T21:06:49","modified_gmt":"2019-06-28T02:06:49","slug":"douille-de-bougie-pour-5-4-triton","status":"publish","type":"product","link":"https:\/\/fittingsgo.com\/fr\/produit\/douille-de-bougie-pour-5-4-triton\/","title":{"rendered":"Douille de bougie pour 5.4 Triton"},"content":{"rendered":"<p>6900<\/p>\n<div id=\"themify_builder_content-3538\" data-postid=\"3538\" class=\"themify_builder_content themify_builder_content-3538 themify_builder\">\n    <\/div>\n<!-- \/themify_builder_content -->\n","protected":false},"excerpt":{"rendered":"<p>&#8211; Camionnettes Ford F-150 2004 +, \u00e9quip\u00e9es de moteurs Triton V8 5.4 L. \u00e0 3 soupapes.<br \/>\n&#8211; La douille a une extr\u00e9mit\u00e9 de 9\/16 pouces. Un insert en caoutchouc souple retient et prot\u00e8ge la bougie lors du retrait et de l&#8217;installation.<br \/>\n&#8211; L&#8217;extension fait partie de la prise. S&#8217;installe facilement dans le tube de la bougie d&#8217;allumage dans la culasse.<br \/>\n&#8211; La prise a un entra\u00eenement de 3\/8 pouces pour une utilisation avec une cl\u00e9 \u00e0 cliquet ou une barre de coupe.<br \/>\nFabriqu\u00e9 par OTC<\/p>\n","protected":false},"featured_media":3349,"comment_status":"open","ping_status":"closed","template":"","meta":[],"product_brand":[],"product_cat":[220],"product_tag":[180,189,177],"class_list":{"0":"post-3538","1":"product","2":"type-product","3":"status-publish","4":"has-post-thumbnail","6":"product_cat-outils-de-bougie-allumage-et-sondes-oxygene","7":"product_tag-automotive-fr","8":"product_tag-fournitures-datelier","9":"product_tag-pieces-dautos","10":"has-post-title","11":"has-post-date","12":"has-post-category","13":"has-post-tag","14":"has-post-comment","15":"has-post-author","16":"","17":"fullcover","19":"first","20":"instock","21":"taxable","22":"shipping-taxable","23":"purchasable","24":"product-type-simple"},"jetpack_sharing_enabled":true,"builder_content":"","_links":{"self":[{"href":"https:\/\/fittingsgo.com\/fr\/wp-json\/wp\/v2\/product\/3538","targetHints":{"allow":["GET"]}}],"collection":[{"href":"https:\/\/fittingsgo.com\/fr\/wp-json\/wp\/v2\/product"}],"about":[{"href":"https:\/\/fittingsgo.com\/fr\/wp-json\/wp\/v2\/types\/product"}],"replies":[{"embeddable":true,"href":"https:\/\/fittingsgo.com\/fr\/wp-json\/wp\/v2\/comments?post=3538"}],"wp:featuredmedia":[{"embeddable":true,"href":"https:\/\/fittingsgo.com\/fr\/wp-json\/wp\/v2\/media\/3349"}],"wp:attachment":[{"href":"https:\/\/fittingsgo.com\/fr\/wp-json\/wp\/v2\/media?parent=3538"}],"wp:term":[{"taxonomy":"product_brand","embeddable":true,"href":"https:\/\/fittingsgo.com\/fr\/wp-json\/wp\/v2\/product_brand?post=3538"},{"taxonomy":"product_cat","embeddable":true,"href":"https:\/\/fittingsgo.com\/fr\/wp-json\/wp\/v2\/product_cat?post=3538"},{"taxonomy":"product_tag","embeddable":true,"href":"https:\/\/fittingsgo.com\/fr\/wp-json\/wp\/v2\/product_tag?post=3538"}],"curies":[{"name":"wp","href":"https:\/\/api.w.org\/{rel}","templated":true}]}}