{"id":3513,"date":"2019-04-07T19:13:40","date_gmt":"2019-04-08T00:13:40","guid":{"rendered":"https:\/\/fittingsgo.com\/product\/refroidisseur-huile-de-transmission\/"},"modified":"2020-07-23T21:56:02","modified_gmt":"2020-07-24T02:56:02","slug":"refroidisseur-huile-de-transmission","status":"publish","type":"product","link":"https:\/\/fittingsgo.com\/fr\/produit\/refroidisseur-huile-de-transmission\/","title":{"rendered":"Refroidisseur d&#8217;huile de transmission"},"content":{"rendered":"<p>Interchange: 13101, 13102, 13103, 13104, 13105<\/p>\n<div id=\"themify_builder_content-3513\" data-postid=\"3513\" class=\"themify_builder_content themify_builder_content-3513 themify_builder\">\n    <\/div>\n<!-- \/themify_builder_content -->\n","protected":false},"excerpt":{"rendered":"<p>Ce refroidisseur de fluide comporte un tuyau en cuivre de 1\/2 pouces d\u00e9ploy\u00e9 dans des ailettes de refroidissement en aluminium. Parfait pour les voitures sous-compactes soumises \u00e0 de fortes contraintes, elles am\u00e9liorent les performances de changement de vitesse et prolongent la dur\u00e9e de vie de la transmission en \u00e9liminant les pannes de transmission li\u00e9es \u00e0 la chaleur. Ce kit est livr\u00e9 avec un kit complet de mat\u00e9riel de refroidisseur de transmission \u00e0 installer facilement sur les v\u00e9hicules \u00e9quip\u00e9s de conduites de refroidissement de 5\/16 pouces.<br \/>\nAvec tuyau 3\/8 po de 4 pieds.<br \/>\nFabriqu\u00e9 par Derale.<\/p>\n","protected":false},"featured_media":3355,"comment_status":"open","ping_status":"closed","template":"","meta":[],"product_brand":[],"product_cat":[633],"product_tag":[],"class_list":{"0":"post-3513","1":"product","2":"type-product","3":"status-publish","4":"has-post-thumbnail","6":"product_cat-refroidisseurs","7":"has-post-title","8":"has-post-date","9":"has-post-category","10":"has-post-tag","11":"has-post-comment","12":"has-post-author","13":"","14":"fullcover","16":"first","17":"instock","18":"featured","19":"taxable","20":"shipping-taxable","21":"purchasable","22":"product-type-variable"},"jetpack_sharing_enabled":true,"builder_content":"","_links":{"self":[{"href":"https:\/\/fittingsgo.com\/fr\/wp-json\/wp\/v2\/product\/3513","targetHints":{"allow":["GET"]}}],"collection":[{"href":"https:\/\/fittingsgo.com\/fr\/wp-json\/wp\/v2\/product"}],"about":[{"href":"https:\/\/fittingsgo.com\/fr\/wp-json\/wp\/v2\/types\/product"}],"replies":[{"embeddable":true,"href":"https:\/\/fittingsgo.com\/fr\/wp-json\/wp\/v2\/comments?post=3513"}],"wp:featuredmedia":[{"embeddable":true,"href":"https:\/\/fittingsgo.com\/fr\/wp-json\/wp\/v2\/media\/3355"}],"wp:attachment":[{"href":"https:\/\/fittingsgo.com\/fr\/wp-json\/wp\/v2\/media?parent=3513"}],"wp:term":[{"taxonomy":"product_brand","embeddable":true,"href":"https:\/\/fittingsgo.com\/fr\/wp-json\/wp\/v2\/product_brand?post=3513"},{"taxonomy":"product_cat","embeddable":true,"href":"https:\/\/fittingsgo.com\/fr\/wp-json\/wp\/v2\/product_cat?post=3513"},{"taxonomy":"product_tag","embeddable":true,"href":"https:\/\/fittingsgo.com\/fr\/wp-json\/wp\/v2\/product_tag?post=3513"}],"curies":[{"name":"wp","href":"https:\/\/api.w.org\/{rel}","templated":true}]}}