{"id":3512,"date":"2019-04-07T19:31:31","date_gmt":"2019-04-08T00:31:31","guid":{"rendered":"https:\/\/fittingsgo.com\/product\/refroidisseur-huile-direction\/"},"modified":"2020-09-17T11:07:46","modified_gmt":"2020-09-17T16:07:46","slug":"refroidisseur-huile-direction","status":"publish","type":"product","link":"https:\/\/fittingsgo.com\/fr\/produit\/refroidisseur-huile-direction\/","title":{"rendered":"Refroidisseur d&#8217;huile de direction"},"content":{"rendered":"<p>13210, 13222<\/p>\n<div id=\"themify_builder_content-3512\" data-postid=\"3512\" class=\"themify_builder_content themify_builder_content-3512 themify_builder\">\n    <\/div>\n<!-- \/themify_builder_content -->\n","protected":false},"excerpt":{"rendered":"<p>Ce refroidisseur utilise une conception mince pour permettre le montage du cadre dans des applications \u00e0 espace limit\u00e9. Ce kit est livr\u00e9 avec un kit complet de mat\u00e9riel de refroidisseur de transmission \u00e0 installer facilement sur les v\u00e9hicules \u00e9quip\u00e9s de conduites de refroidissement de 5\/16 pouces. Parfait pour les travaux l\u00e9gers et le remorquage l\u00e9ger occasionnel.<br \/>\nFabriqu\u00e9 par Derale.<\/p>\n","protected":false},"featured_media":3362,"comment_status":"open","ping_status":"closed","template":"","meta":[],"product_brand":[],"product_cat":[633],"product_tag":[],"class_list":{"0":"post-3512","1":"product","2":"type-product","3":"status-publish","4":"has-post-thumbnail","6":"product_cat-refroidisseurs","7":"has-post-title","8":"has-post-date","9":"has-post-category","10":"has-post-tag","11":"has-post-comment","12":"has-post-author","13":"","14":"fullcover","16":"first","17":"instock","18":"taxable","19":"shipping-taxable","20":"purchasable","21":"product-type-variable"},"jetpack_sharing_enabled":true,"builder_content":"","_links":{"self":[{"href":"https:\/\/fittingsgo.com\/fr\/wp-json\/wp\/v2\/product\/3512","targetHints":{"allow":["GET"]}}],"collection":[{"href":"https:\/\/fittingsgo.com\/fr\/wp-json\/wp\/v2\/product"}],"about":[{"href":"https:\/\/fittingsgo.com\/fr\/wp-json\/wp\/v2\/types\/product"}],"replies":[{"embeddable":true,"href":"https:\/\/fittingsgo.com\/fr\/wp-json\/wp\/v2\/comments?post=3512"}],"wp:featuredmedia":[{"embeddable":true,"href":"https:\/\/fittingsgo.com\/fr\/wp-json\/wp\/v2\/media\/3362"}],"wp:attachment":[{"href":"https:\/\/fittingsgo.com\/fr\/wp-json\/wp\/v2\/media?parent=3512"}],"wp:term":[{"taxonomy":"product_brand","embeddable":true,"href":"https:\/\/fittingsgo.com\/fr\/wp-json\/wp\/v2\/product_brand?post=3512"},{"taxonomy":"product_cat","embeddable":true,"href":"https:\/\/fittingsgo.com\/fr\/wp-json\/wp\/v2\/product_cat?post=3512"},{"taxonomy":"product_tag","embeddable":true,"href":"https:\/\/fittingsgo.com\/fr\/wp-json\/wp\/v2\/product_tag?post=3512"}],"curies":[{"name":"wp","href":"https:\/\/api.w.org\/{rel}","templated":true}]}}