{"id":3466,"date":"2019-04-17T22:25:33","date_gmt":"2019-04-18T03:25:33","guid":{"rendered":"https:\/\/fittingsgo.com\/product\/tuyau-a-air-hybride-m617\/"},"modified":"2019-06-29T10:27:45","modified_gmt":"2019-06-29T15:27:45","slug":"tuyau-a-air-hybride-m617","status":"publish","type":"product","link":"https:\/\/fittingsgo.com\/fr\/produit\/tuyau-a-air-hybride-m617\/","title":{"rendered":"Tuyau \u00e0 air hybride 3\/8 po x 50 pi"},"content":{"rendered":"<p>M617<\/p>\n<div id=\"themify_builder_content-3466\" data-postid=\"3466\" class=\"themify_builder_content themify_builder_content-3466 themify_builder\">\n    <\/div>\n<!-- \/themify_builder_content -->\n","protected":false},"excerpt":{"rendered":"<p>M\u00e9lange extr\u00eamement flexible de caoutchouc et de PVC<br \/>\nLimiteurs de courbure \u00e0 chaque extr\u00e9mit\u00e9 pour une longue vie<br \/>\nRaccords m\u00e2les en laiton de 1\/4 &#8220;NPT<br \/>\nPression de travail: 300 PSI, Pression d&#8217;\u00e9clatement: 600 PSI<br \/>\nFabriqu\u00e9 par Performance Tool<\/p>\n","protected":false},"featured_media":3411,"comment_status":"open","ping_status":"closed","template":"","meta":[],"product_brand":[],"product_cat":[296],"product_tag":[180,208,189,177],"class_list":{"0":"post-3466","1":"product","2":"type-product","3":"status-publish","4":"has-post-thumbnail","6":"product_cat-tuyaux-a-air","7":"product_tag-automotive-fr","8":"product_tag-boyau-a-air","9":"product_tag-fournitures-datelier","10":"product_tag-pieces-dautos","11":"has-post-title","12":"has-post-date","13":"has-post-category","14":"has-post-tag","15":"has-post-comment","16":"has-post-author","17":"","18":"fullcover","20":"first","21":"instock","22":"taxable","23":"shipping-taxable","24":"purchasable","25":"product-type-simple"},"jetpack_sharing_enabled":true,"builder_content":"","_links":{"self":[{"href":"https:\/\/fittingsgo.com\/fr\/wp-json\/wp\/v2\/product\/3466","targetHints":{"allow":["GET"]}}],"collection":[{"href":"https:\/\/fittingsgo.com\/fr\/wp-json\/wp\/v2\/product"}],"about":[{"href":"https:\/\/fittingsgo.com\/fr\/wp-json\/wp\/v2\/types\/product"}],"replies":[{"embeddable":true,"href":"https:\/\/fittingsgo.com\/fr\/wp-json\/wp\/v2\/comments?post=3466"}],"wp:featuredmedia":[{"embeddable":true,"href":"https:\/\/fittingsgo.com\/fr\/wp-json\/wp\/v2\/media\/3411"}],"wp:attachment":[{"href":"https:\/\/fittingsgo.com\/fr\/wp-json\/wp\/v2\/media?parent=3466"}],"wp:term":[{"taxonomy":"product_brand","embeddable":true,"href":"https:\/\/fittingsgo.com\/fr\/wp-json\/wp\/v2\/product_brand?post=3466"},{"taxonomy":"product_cat","embeddable":true,"href":"https:\/\/fittingsgo.com\/fr\/wp-json\/wp\/v2\/product_cat?post=3466"},{"taxonomy":"product_tag","embeddable":true,"href":"https:\/\/fittingsgo.com\/fr\/wp-json\/wp\/v2\/product_tag?post=3466"}],"curies":[{"name":"wp","href":"https:\/\/api.w.org\/{rel}","templated":true}]}}