{"id":3464,"date":"2019-04-17T22:50:06","date_gmt":"2019-04-18T03:50:06","guid":{"rendered":"https:\/\/fittingsgo.com\/product\/compresseur-pour-ressort-a-freins\/"},"modified":"2019-06-27T21:09:05","modified_gmt":"2019-06-28T02:09:05","slug":"compresseur-pour-ressort-a-freins","status":"publish","type":"product","link":"https:\/\/fittingsgo.com\/fr\/produit\/compresseur-pour-ressort-a-freins\/","title":{"rendered":"Compresseur pour ressort \u00e0 freins"},"content":{"rendered":"<p>W158C<\/p>\n<div id=\"themify_builder_content-3464\" data-postid=\"3464\" class=\"themify_builder_content themify_builder_content-3464 themify_builder\">\n    <\/div>\n<!-- \/themify_builder_content -->\n","protected":false},"excerpt":{"rendered":"<p>&#8211; Retirez et installez les ressorts de retenue de 11\/16 &#8220;\u00e0 7\/8&#8221; de diam\u00e8tre sur les freins \u00e0 tambour des voitures et poids moyens.<br \/>\n&#8211; Pour le retrait et le remplacement des ressorts, des coupelles et des goupilles de la plaque de support.<br \/>\n&#8211; Poign\u00e9e r\u00e9sistante \u00e0 la chaleur de style professionnel.<br \/>\n&#8211; La conception am\u00e9lior\u00e9e des pointes saisit les pi\u00e8ces de mani\u00e8re plus s\u00fbre.<br \/>\nFabriqu\u00e9 par Performance Tool<\/p>\n","protected":false},"featured_media":3416,"comment_status":"open","ping_status":"closed","template":"","meta":[],"product_brand":[],"product_cat":[198],"product_tag":[180,189,196,177],"class_list":{"0":"post-3464","1":"product","2":"type-product","3":"status-publish","4":"has-post-thumbnail","6":"product_cat-outils-de-freins","7":"product_tag-automotive-fr","8":"product_tag-fournitures-datelier","9":"product_tag-pieces-a-freins","10":"product_tag-pieces-dautos","11":"has-post-title","12":"has-post-date","13":"has-post-category","14":"has-post-tag","15":"has-post-comment","16":"has-post-author","17":"","18":"fullcover","20":"first","21":"instock","22":"taxable","23":"shipping-taxable","24":"purchasable","25":"product-type-simple"},"jetpack_sharing_enabled":true,"builder_content":"","_links":{"self":[{"href":"https:\/\/fittingsgo.com\/fr\/wp-json\/wp\/v2\/product\/3464","targetHints":{"allow":["GET"]}}],"collection":[{"href":"https:\/\/fittingsgo.com\/fr\/wp-json\/wp\/v2\/product"}],"about":[{"href":"https:\/\/fittingsgo.com\/fr\/wp-json\/wp\/v2\/types\/product"}],"replies":[{"embeddable":true,"href":"https:\/\/fittingsgo.com\/fr\/wp-json\/wp\/v2\/comments?post=3464"}],"wp:featuredmedia":[{"embeddable":true,"href":"https:\/\/fittingsgo.com\/fr\/wp-json\/wp\/v2\/media\/3416"}],"wp:attachment":[{"href":"https:\/\/fittingsgo.com\/fr\/wp-json\/wp\/v2\/media?parent=3464"}],"wp:term":[{"taxonomy":"product_brand","embeddable":true,"href":"https:\/\/fittingsgo.com\/fr\/wp-json\/wp\/v2\/product_brand?post=3464"},{"taxonomy":"product_cat","embeddable":true,"href":"https:\/\/fittingsgo.com\/fr\/wp-json\/wp\/v2\/product_cat?post=3464"},{"taxonomy":"product_tag","embeddable":true,"href":"https:\/\/fittingsgo.com\/fr\/wp-json\/wp\/v2\/product_tag?post=3464"}],"curies":[{"name":"wp","href":"https:\/\/api.w.org\/{rel}","templated":true}]}}