{"id":3455,"date":"2019-04-26T21:56:27","date_gmt":"2019-04-27T02:56:27","guid":{"rendered":"https:\/\/fittingsgo.com\/product\/masques-pour-particules\/"},"modified":"2020-03-25T23:07:43","modified_gmt":"2020-03-26T04:07:43","slug":"masques-pour-particules","status":"publish","type":"product","link":"https:\/\/fittingsgo.com\/fr\/produit\/masques-pour-particules\/","title":{"rendered":"Masques pour particules N95 de 3M"},"content":{"rendered":"<p>8210, 8210PLUS, RPD513N95<\/p>\n<div id=\"themify_builder_content-3455\" data-postid=\"3455\" class=\"themify_builder_content themify_builder_content-3455 themify_builder\">\n    <\/div>\n<!-- \/themify_builder_content -->\n","protected":false},"excerpt":{"rendered":"<p>&#8211; Filtration efficace contre certaines particules non huileuses.<br \/>\n&#8211; La conception \u00e0 deux sangles avec fixation soud\u00e9e \u00e0 deux points contribue \u00e0 assurer une \u00e9tanch\u00e9it\u00e9 s\u00fbre.<br \/>\n&#8211; Mousse de nez amortissante.<br \/>\n&#8211; La pince nasale ajustable aide \u00e0 fournir un ajustement personnalis\u00e9 et un joint s\u00e9curis\u00e9.<br \/>\nBo\u00eete de 20 masques<br \/>\nFabriqu\u00e9 par 3M<\/p>\n","protected":false},"featured_media":3422,"comment_status":"open","ping_status":"closed","template":"","meta":[],"product_brand":[],"product_cat":[207],"product_tag":[180,189,177],"class_list":{"0":"post-3455","1":"product","2":"type-product","3":"status-publish","4":"has-post-thumbnail","6":"product_cat-masques-lunettes-bouchons-de-securite","7":"product_tag-automotive-fr","8":"product_tag-fournitures-datelier","9":"product_tag-pieces-dautos","10":"has-post-title","11":"has-post-date","12":"has-post-category","13":"has-post-tag","14":"has-post-comment","15":"has-post-author","16":"","17":"fullcover","19":"first","20":"instock","21":"taxable","22":"shipping-taxable","23":"purchasable","24":"product-type-simple"},"jetpack_sharing_enabled":true,"builder_content":"","_links":{"self":[{"href":"https:\/\/fittingsgo.com\/fr\/wp-json\/wp\/v2\/product\/3455","targetHints":{"allow":["GET"]}}],"collection":[{"href":"https:\/\/fittingsgo.com\/fr\/wp-json\/wp\/v2\/product"}],"about":[{"href":"https:\/\/fittingsgo.com\/fr\/wp-json\/wp\/v2\/types\/product"}],"replies":[{"embeddable":true,"href":"https:\/\/fittingsgo.com\/fr\/wp-json\/wp\/v2\/comments?post=3455"}],"wp:featuredmedia":[{"embeddable":true,"href":"https:\/\/fittingsgo.com\/fr\/wp-json\/wp\/v2\/media\/3422"}],"wp:attachment":[{"href":"https:\/\/fittingsgo.com\/fr\/wp-json\/wp\/v2\/media?parent=3455"}],"wp:term":[{"taxonomy":"product_brand","embeddable":true,"href":"https:\/\/fittingsgo.com\/fr\/wp-json\/wp\/v2\/product_brand?post=3455"},{"taxonomy":"product_cat","embeddable":true,"href":"https:\/\/fittingsgo.com\/fr\/wp-json\/wp\/v2\/product_cat?post=3455"},{"taxonomy":"product_tag","embeddable":true,"href":"https:\/\/fittingsgo.com\/fr\/wp-json\/wp\/v2\/product_tag?post=3455"}],"curies":[{"name":"wp","href":"https:\/\/api.w.org\/{rel}","templated":true}]}}