{"id":3436,"date":"2019-04-30T20:30:16","date_gmt":"2019-05-01T01:30:16","guid":{"rendered":"https:\/\/fittingsgo.com\/product\/restricteur-de-sonde-doxygene\/"},"modified":"2019-12-08T20:48:11","modified_gmt":"2019-12-09T01:48:11","slug":"restricteur-de-sonde-doxygene","status":"publish","type":"product","link":"https:\/\/fittingsgo.com\/fr\/produit\/restricteur-de-sonde-doxygene\/","title":{"rendered":"Restricteur de sonde d&#8217;oxyg\u00e8ne"},"content":{"rendered":"<p>11621<\/p>\n<div id=\"themify_builder_content-3436\" data-postid=\"3436\" class=\"themify_builder_content themify_builder_content-3436 themify_builder\">\n    <\/div>\n<!-- \/themify_builder_content -->\n","protected":false},"excerpt":{"rendered":"<p>Utilisez un de trois \u00abjets\u00bb inclus pour aider \u00e0 tromper la sonde d&#8217;oxyg\u00e8ne et la lumi\u00e8re de \u00abcheck engine\u00bb.<\/p>\n<p>Fabriqu\u00e9 par Vibrant<\/p>\n<p>&nbsp;<\/p>\n","protected":false},"featured_media":3429,"comment_status":"open","ping_status":"closed","template":"","meta":[],"product_brand":[],"product_cat":[178],"product_tag":[180,189,177],"class_list":{"0":"post-3436","1":"product","2":"type-product","3":"status-publish","4":"has-post-thumbnail","6":"product_cat-echappement","7":"product_tag-automotive-fr","8":"product_tag-fournitures-datelier","9":"product_tag-pieces-dautos","10":"has-post-title","11":"has-post-date","12":"has-post-category","13":"has-post-tag","14":"has-post-comment","15":"has-post-author","16":"","17":"fullcover","19":"first","20":"instock","21":"taxable","22":"shipping-taxable","23":"purchasable","24":"product-type-simple"},"jetpack_sharing_enabled":true,"builder_content":"","_links":{"self":[{"href":"https:\/\/fittingsgo.com\/fr\/wp-json\/wp\/v2\/product\/3436","targetHints":{"allow":["GET"]}}],"collection":[{"href":"https:\/\/fittingsgo.com\/fr\/wp-json\/wp\/v2\/product"}],"about":[{"href":"https:\/\/fittingsgo.com\/fr\/wp-json\/wp\/v2\/types\/product"}],"replies":[{"embeddable":true,"href":"https:\/\/fittingsgo.com\/fr\/wp-json\/wp\/v2\/comments?post=3436"}],"wp:featuredmedia":[{"embeddable":true,"href":"https:\/\/fittingsgo.com\/fr\/wp-json\/wp\/v2\/media\/3429"}],"wp:attachment":[{"href":"https:\/\/fittingsgo.com\/fr\/wp-json\/wp\/v2\/media?parent=3436"}],"wp:term":[{"taxonomy":"product_brand","embeddable":true,"href":"https:\/\/fittingsgo.com\/fr\/wp-json\/wp\/v2\/product_brand?post=3436"},{"taxonomy":"product_cat","embeddable":true,"href":"https:\/\/fittingsgo.com\/fr\/wp-json\/wp\/v2\/product_cat?post=3436"},{"taxonomy":"product_tag","embeddable":true,"href":"https:\/\/fittingsgo.com\/fr\/wp-json\/wp\/v2\/product_tag?post=3436"}],"curies":[{"name":"wp","href":"https:\/\/api.w.org\/{rel}","templated":true}]}}