{"id":2830,"date":"2018-12-04T22:23:26","date_gmt":"2018-12-05T03:23:26","guid":{"rendered":"https:\/\/fittingsgo.com\/product\/fittings-de-compression-5000-psi\/"},"modified":"2022-12-07T22:43:15","modified_gmt":"2022-12-08T03:43:15","slug":"raccords-de-compression-5000-psi","status":"publish","type":"product","link":"https:\/\/fittingsgo.com\/fr\/produit\/raccords-de-compression-5000-psi\/","title":{"rendered":"Raccords de compression 5000 psi"},"content":{"rendered":"<p>FMSI: 3\/16&#8243; = 3451,  1\/4&#8243; = 3452, 5\/16&#8243; = 3453, 3\/8&#8243; = 3454<br \/>\nInterchange: 800-202, 800202, 800-203, 800203, 800-204, 800204, 800-205, 800205<\/p>\n<div id=\"themify_builder_content-2830\" data-postid=\"2830\" class=\"themify_builder_content themify_builder_content-2830 themify_builder\">\n    <\/div>\n<!-- \/themify_builder_content -->\n","protected":false},"excerpt":{"rendered":"<p>Raccords de compression pour lignes \u00e0 freins.<br \/>\n\u00c9valu\u00e9 jusqu&#8217;\u00e0 5000 psi.<br \/>\nFabriqu\u00e9 by Transbec<\/p>\n","protected":false},"featured_media":2831,"comment_status":"open","ping_status":"closed","template":"","meta":[],"product_brand":[],"product_cat":[195],"product_tag":[180,189,196,177,179],"class_list":{"0":"post-2830","1":"product","2":"type-product","3":"status-publish","4":"has-post-thumbnail","6":"product_cat-raccords-de-compression","7":"product_tag-automotive-fr","8":"product_tag-fournitures-datelier","9":"product_tag-pieces-a-freins","10":"product_tag-pieces-dautos","11":"product_tag-tuyau","12":"has-post-title","13":"has-post-date","14":"has-post-category","15":"has-post-tag","16":"has-post-comment","17":"has-post-author","18":"","19":"fullcover","21":"first","22":"instock","23":"featured","24":"taxable","25":"shipping-taxable","26":"purchasable","27":"product-type-variable"},"jetpack_sharing_enabled":true,"builder_content":"","_links":{"self":[{"href":"https:\/\/fittingsgo.com\/fr\/wp-json\/wp\/v2\/product\/2830","targetHints":{"allow":["GET"]}}],"collection":[{"href":"https:\/\/fittingsgo.com\/fr\/wp-json\/wp\/v2\/product"}],"about":[{"href":"https:\/\/fittingsgo.com\/fr\/wp-json\/wp\/v2\/types\/product"}],"replies":[{"embeddable":true,"href":"https:\/\/fittingsgo.com\/fr\/wp-json\/wp\/v2\/comments?post=2830"}],"wp:featuredmedia":[{"embeddable":true,"href":"https:\/\/fittingsgo.com\/fr\/wp-json\/wp\/v2\/media\/2831"}],"wp:attachment":[{"href":"https:\/\/fittingsgo.com\/fr\/wp-json\/wp\/v2\/media?parent=2830"}],"wp:term":[{"taxonomy":"product_brand","embeddable":true,"href":"https:\/\/fittingsgo.com\/fr\/wp-json\/wp\/v2\/product_brand?post=2830"},{"taxonomy":"product_cat","embeddable":true,"href":"https:\/\/fittingsgo.com\/fr\/wp-json\/wp\/v2\/product_cat?post=2830"},{"taxonomy":"product_tag","embeddable":true,"href":"https:\/\/fittingsgo.com\/fr\/wp-json\/wp\/v2\/product_tag?post=2830"}],"curies":[{"name":"wp","href":"https:\/\/api.w.org\/{rel}","templated":true}]}}