{"id":19203,"date":"2021-07-13T22:38:34","date_gmt":"2021-07-14T03:38:34","guid":{"rendered":"https:\/\/fittingsgo.com\/product\/wrap-dechappement-2-po-par-25-pi\/"},"modified":"2021-07-13T23:05:43","modified_gmt":"2021-07-14T04:05:43","slug":"wrap-dechappement-2-po-par-25-pi","status":"publish","type":"product","link":"https:\/\/fittingsgo.com\/fr\/produit\/wrap-dechappement-2-po-par-25-pi\/","title":{"rendered":"\u00abWrap\u00bb d\u2019\u00e9chappement 2 po par 25 pi"},"content":{"rendered":"<p>10131<\/p>\n<div id=\"themify_builder_content-19203\" data-postid=\"19203\" class=\"themify_builder_content themify_builder_content-19203 themify_builder\">\n    <\/div>\n<!-- \/themify_builder_content -->\n","protected":false},"excerpt":{"rendered":"<p>L&#8217;enveloppe d&#8217;\u00e9chappement ORIGINAL Titanium de DEI, avec la technologie LR, est fabriqu\u00e9e \u00e0 partir de roche de lave pulv\u00e9ris\u00e9e, toronn\u00e9e dans un mat\u00e9riau fibreux et tiss\u00e9e dans un tissage exclusif. L&#8217;enveloppe en titane est con\u00e7ue pour \u00eatre plus r\u00e9sistante que la plupart des enveloppes et plus durable pour des performances thermiques et une fiabilit\u00e9 am\u00e9lior\u00e9es. Parfait pour toute application automobile ou moto!<\/p>\n<p>R\u00e9siste \u00e0 une chaleur intermittente de 1800\u00b0F directe\/2500\u00b0F<br \/>\nFavorise un d\u00e9bit accru pour des performances am\u00e9lior\u00e9es<br \/>\nR\u00e9duit la temp\u00e9rature &amp; panne de vibration<br \/>\nExtr\u00eamement souple pour un emballage serr\u00e9 et s\u00e9curis\u00e9<br \/>\nRev\u00eatement de silicone DEI HT non requis<br \/>\nRouleau de pr\u00e9-mouillage non n\u00e9cessaire pour l&#8217;emballage<br \/>\nAspect en fibre de carbone de haute technologie<br \/>\nHaute r\u00e9sistance \u00e0 l&#8217;abrasion, aux d\u00e9versements d&#8217;huile, aux temp\u00e9ratures et aux vibrations<br \/>\nFabriqu\u00e9 par DEI<\/p>\n","protected":false},"featured_media":19202,"comment_status":"closed","ping_status":"closed","template":"","meta":[],"product_brand":[],"product_cat":[604],"product_tag":[],"class_list":{"0":"post-19203","1":"product","2":"type-product","3":"status-publish","4":"has-post-thumbnail","6":"product_cat-requetes","7":"has-post-title","8":"has-post-date","9":"has-post-category","10":"has-post-tag","11":"has-post-comment","12":"has-post-author","13":"","14":"fullcover","16":"first","17":"instock","18":"taxable","19":"shipping-taxable","20":"purchasable","21":"product-type-simple"},"jetpack_sharing_enabled":true,"builder_content":"","_links":{"self":[{"href":"https:\/\/fittingsgo.com\/fr\/wp-json\/wp\/v2\/product\/19203","targetHints":{"allow":["GET"]}}],"collection":[{"href":"https:\/\/fittingsgo.com\/fr\/wp-json\/wp\/v2\/product"}],"about":[{"href":"https:\/\/fittingsgo.com\/fr\/wp-json\/wp\/v2\/types\/product"}],"replies":[{"embeddable":true,"href":"https:\/\/fittingsgo.com\/fr\/wp-json\/wp\/v2\/comments?post=19203"}],"wp:featuredmedia":[{"embeddable":true,"href":"https:\/\/fittingsgo.com\/fr\/wp-json\/wp\/v2\/media\/19202"}],"wp:attachment":[{"href":"https:\/\/fittingsgo.com\/fr\/wp-json\/wp\/v2\/media?parent=19203"}],"wp:term":[{"taxonomy":"product_brand","embeddable":true,"href":"https:\/\/fittingsgo.com\/fr\/wp-json\/wp\/v2\/product_brand?post=19203"},{"taxonomy":"product_cat","embeddable":true,"href":"https:\/\/fittingsgo.com\/fr\/wp-json\/wp\/v2\/product_cat?post=19203"},{"taxonomy":"product_tag","embeddable":true,"href":"https:\/\/fittingsgo.com\/fr\/wp-json\/wp\/v2\/product_tag?post=19203"}],"curies":[{"name":"wp","href":"https:\/\/api.w.org\/{rel}","templated":true}]}}