{"id":19191,"date":"2021-07-05T22:39:11","date_gmt":"2021-07-06T03:39:11","guid":{"rendered":"https:\/\/fittingsgo.com\/product\/attaches-de-verrouillage-en-acier-inoxydable-dei-14-paquet-de-5\/"},"modified":"2021-07-13T23:05:43","modified_gmt":"2021-07-14T04:05:43","slug":"attaches-de-verrouillage-en-acier-inoxydable-dei","status":"publish","type":"product","link":"https:\/\/fittingsgo.com\/fr\/produit\/attaches-de-verrouillage-en-acier-inoxydable-dei\/","title":{"rendered":"Attaches de verrouillage en acier inoxydable DEI"},"content":{"rendered":"<p>10201, 10202<\/p>\n<div id=\"themify_builder_content-19191\" data-postid=\"19191\" class=\"themify_builder_content themify_builder_content-19191 themify_builder\">\n    <\/div>\n<!-- \/themify_builder_content -->\n","protected":false},"excerpt":{"rendered":"<p>Les attaches de verrouillage en acier inoxydable s\u00e9curisent l&#8217;enveloppe d&#8217;\u00e9chappement et r\u00e9solvent le probl\u00e8me d&#8217;avoir besoin d&#8217;une attache de verrouillage dans les zones \u00e0 haute temp\u00e9rature.<\/p>\n<p>Les attaches de verrouillage en acier inoxydable sont parfaites pour fixer l&#8217;emballage aux tuyaux gr\u00e2ce \u00e0 sa conception \u00e0 verrouillage automatique. Les attaches de verrouillage offrent de nombreuses autres utilisations, notamment le regroupement de fils, de tuyaux et d&#8217;autres formes de produits isolants. Glissez simplement l&#8217;extr\u00e9mit\u00e9 dans le m\u00e9canisme de verrouillage et tirez fermement.<\/p>\n<p>&#8211; Construit en acier inoxydable 316 de haute qualit\u00e9<br \/>\n&#8211; Capable de r\u00e9sister \u00e0 plus de 2500\u00b0F<br \/>\n&#8211; R\u00e9sistance \u00e0 la traction de 100 lb<br \/>\n&#8211; R\u00e9sistance \u00e0 la chaleur rayonnante : 2500\u00b0F<br \/>\nFabriqu\u00e9 par DEI<\/p>\n","protected":false},"featured_media":19182,"comment_status":"closed","ping_status":"closed","template":"","meta":[],"product_brand":[],"product_cat":[604],"product_tag":[],"class_list":{"0":"post-19191","1":"product","2":"type-product","3":"status-publish","4":"has-post-thumbnail","6":"product_cat-requetes","7":"has-post-title","8":"has-post-date","9":"has-post-category","10":"has-post-tag","11":"has-post-comment","12":"has-post-author","13":"","14":"fullcover","16":"first","17":"instock","18":"taxable","19":"shipping-taxable","20":"purchasable","21":"product-type-variable"},"jetpack_sharing_enabled":true,"builder_content":"","_links":{"self":[{"href":"https:\/\/fittingsgo.com\/fr\/wp-json\/wp\/v2\/product\/19191","targetHints":{"allow":["GET"]}}],"collection":[{"href":"https:\/\/fittingsgo.com\/fr\/wp-json\/wp\/v2\/product"}],"about":[{"href":"https:\/\/fittingsgo.com\/fr\/wp-json\/wp\/v2\/types\/product"}],"replies":[{"embeddable":true,"href":"https:\/\/fittingsgo.com\/fr\/wp-json\/wp\/v2\/comments?post=19191"}],"wp:featuredmedia":[{"embeddable":true,"href":"https:\/\/fittingsgo.com\/fr\/wp-json\/wp\/v2\/media\/19182"}],"wp:attachment":[{"href":"https:\/\/fittingsgo.com\/fr\/wp-json\/wp\/v2\/media?parent=19191"}],"wp:term":[{"taxonomy":"product_brand","embeddable":true,"href":"https:\/\/fittingsgo.com\/fr\/wp-json\/wp\/v2\/product_brand?post=19191"},{"taxonomy":"product_cat","embeddable":true,"href":"https:\/\/fittingsgo.com\/fr\/wp-json\/wp\/v2\/product_cat?post=19191"},{"taxonomy":"product_tag","embeddable":true,"href":"https:\/\/fittingsgo.com\/fr\/wp-json\/wp\/v2\/product_tag?post=19191"}],"curies":[{"name":"wp","href":"https:\/\/api.w.org\/{rel}","templated":true}]}}