{"id":19185,"date":"2021-07-05T22:30:45","date_gmt":"2021-07-06T03:30:45","guid":{"rendered":"https:\/\/fittingsgo.com\/product\/outil-de-verrouillage-de-collet-dei\/"},"modified":"2021-07-05T22:33:39","modified_gmt":"2021-07-06T03:33:39","slug":"outil-de-verrouillage-de-collet-dei","status":"publish","type":"product","link":"https:\/\/fittingsgo.com\/fr\/produit\/outil-de-verrouillage-de-collet-dei\/","title":{"rendered":"Outil de verrouillage de collet DEI"},"content":{"rendered":"<p>10220<\/p>\n<div id=\"themify_builder_content-19185\" data-postid=\"19185\" class=\"themify_builder_content themify_builder_content-19185 themify_builder\">\n    <\/div>\n<!-- \/themify_builder_content -->\n","protected":false},"excerpt":{"rendered":"<p>L&#8217;outil pour attaches de verrouillage r\u00e9sout le probl\u00e8me de ne pas pouvoir serrer les attaches de verrouillage en acier inoxydable. Un outil efficace pour serrer les attaches de verrouillage en acier inoxydable. Permet d&#8217;\u00e9conomiser du temps et des tracas tout en offrant un r\u00e9sultat d&#8217;aspect professionnel. Faites glisser l&#8217;outil \u00e0 l&#8217;extr\u00e9mit\u00e9 de n&#8217;importe quel tournevis \u00e0 douille 1\/4 po, engagez l&#8217;attache et tournez.<\/p>\n<p>&#8211; S&#8217;adapte \u00e0 l&#8217;extr\u00e9mit\u00e9 de n&#8217;importe quelle extension d&#8217;entra\u00eenement 1\/4 po<br \/>\n&#8211; Fonctionne avec tous les styles populaires d&#8217;attaches en acier inoxydable jusqu&#8217;\u00e0 1\/2 po de large<br \/>\n&#8211; Fabriqu\u00e9 en acier \u00e0 outils tremp\u00e9<br \/>\n&#8211; Enduit d&#8217;oxyde noir pour des ann\u00e9es d&#8217;utilisation sans probl\u00e8me<\/p>\n<p>Fabriqu\u00e9 par DEI<\/p>\n","protected":false},"featured_media":19184,"comment_status":"closed","ping_status":"closed","template":"","meta":[],"product_brand":[],"product_cat":[604],"product_tag":[],"class_list":{"0":"post-19185","1":"product","2":"type-product","3":"status-publish","4":"has-post-thumbnail","6":"product_cat-requetes","7":"has-post-title","8":"has-post-date","9":"has-post-category","10":"has-post-tag","11":"has-post-comment","12":"has-post-author","13":"","14":"fullcover","16":"first","17":"instock","18":"taxable","19":"shipping-taxable","20":"purchasable","21":"product-type-simple"},"jetpack_sharing_enabled":true,"builder_content":"","_links":{"self":[{"href":"https:\/\/fittingsgo.com\/fr\/wp-json\/wp\/v2\/product\/19185","targetHints":{"allow":["GET"]}}],"collection":[{"href":"https:\/\/fittingsgo.com\/fr\/wp-json\/wp\/v2\/product"}],"about":[{"href":"https:\/\/fittingsgo.com\/fr\/wp-json\/wp\/v2\/types\/product"}],"replies":[{"embeddable":true,"href":"https:\/\/fittingsgo.com\/fr\/wp-json\/wp\/v2\/comments?post=19185"}],"wp:featuredmedia":[{"embeddable":true,"href":"https:\/\/fittingsgo.com\/fr\/wp-json\/wp\/v2\/media\/19184"}],"wp:attachment":[{"href":"https:\/\/fittingsgo.com\/fr\/wp-json\/wp\/v2\/media?parent=19185"}],"wp:term":[{"taxonomy":"product_brand","embeddable":true,"href":"https:\/\/fittingsgo.com\/fr\/wp-json\/wp\/v2\/product_brand?post=19185"},{"taxonomy":"product_cat","embeddable":true,"href":"https:\/\/fittingsgo.com\/fr\/wp-json\/wp\/v2\/product_cat?post=19185"},{"taxonomy":"product_tag","embeddable":true,"href":"https:\/\/fittingsgo.com\/fr\/wp-json\/wp\/v2\/product_tag?post=19185"}],"curies":[{"name":"wp","href":"https:\/\/api.w.org\/{rel}","templated":true}]}}