{"id":19116,"date":"2021-04-04T21:12:29","date_gmt":"2021-04-05T02:12:29","guid":{"rendered":"https:\/\/fittingsgo.com\/product\/chargeur-et-conserveur-de-batterie-noco\/"},"modified":"2021-04-04T21:16:19","modified_gmt":"2021-04-05T02:16:19","slug":"chargeur-et-conserveur-de-batterie-noco","status":"publish","type":"product","link":"https:\/\/fittingsgo.com\/fr\/produit\/chargeur-et-conserveur-de-batterie-noco\/","title":{"rendered":"Chargeur et conserveur de batterie NOCO"},"content":{"rendered":"<p>GENIUS2D<\/p>\n<div id=\"themify_builder_content-19116\" data-postid=\"19116\" class=\"themify_builder_content themify_builder_content-19116 themify_builder\">\n    <\/div>\n<!-- \/themify_builder_content -->\n","protected":false},"excerpt":{"rendered":"<p>Le GENIUS2D est un chargeur de batterie \u00e0 montage direct de 2 amp\u00e8res et un mainteneur de batterie con\u00e7u pour \u00eatre solidement fix\u00e9 \u00e0 proximit\u00e9 de la batterie. Il est con\u00e7u pour tous les types de batteries plomb-acide de 12 volts, y compris les batteries inond\u00e9es, gel, AGM et autres batteries sans entretien.<\/p>\n","protected":false},"featured_media":19105,"comment_status":"closed","ping_status":"closed","template":"","meta":[],"product_brand":[],"product_cat":[227],"product_tag":[],"class_list":{"0":"post-19116","1":"product","2":"type-product","3":"status-publish","4":"has-post-thumbnail","6":"product_cat-outils-de-batteries","7":"has-post-title","8":"has-post-date","9":"has-post-category","10":"has-post-tag","11":"has-post-comment","12":"has-post-author","13":"","14":"fullcover","16":"first","17":"instock","18":"taxable","19":"shipping-taxable","20":"purchasable","21":"product-type-simple"},"jetpack_sharing_enabled":true,"builder_content":"","_links":{"self":[{"href":"https:\/\/fittingsgo.com\/fr\/wp-json\/wp\/v2\/product\/19116","targetHints":{"allow":["GET"]}}],"collection":[{"href":"https:\/\/fittingsgo.com\/fr\/wp-json\/wp\/v2\/product"}],"about":[{"href":"https:\/\/fittingsgo.com\/fr\/wp-json\/wp\/v2\/types\/product"}],"replies":[{"embeddable":true,"href":"https:\/\/fittingsgo.com\/fr\/wp-json\/wp\/v2\/comments?post=19116"}],"wp:featuredmedia":[{"embeddable":true,"href":"https:\/\/fittingsgo.com\/fr\/wp-json\/wp\/v2\/media\/19105"}],"wp:attachment":[{"href":"https:\/\/fittingsgo.com\/fr\/wp-json\/wp\/v2\/media?parent=19116"}],"wp:term":[{"taxonomy":"product_brand","embeddable":true,"href":"https:\/\/fittingsgo.com\/fr\/wp-json\/wp\/v2\/product_brand?post=19116"},{"taxonomy":"product_cat","embeddable":true,"href":"https:\/\/fittingsgo.com\/fr\/wp-json\/wp\/v2\/product_cat?post=19116"},{"taxonomy":"product_tag","embeddable":true,"href":"https:\/\/fittingsgo.com\/fr\/wp-json\/wp\/v2\/product_tag?post=19116"}],"curies":[{"name":"wp","href":"https:\/\/api.w.org\/{rel}","templated":true}]}}