{"id":19098,"date":"2021-04-04T21:01:44","date_gmt":"2021-04-05T02:01:44","guid":{"rendered":"https:\/\/fittingsgo.com\/product\/fr-liqui-moly-5w40-vw-511-00-mb-229-31-229-51-229-52-bmw-ll-04\/"},"modified":"2021-04-04T21:05:52","modified_gmt":"2021-04-05T02:05:52","slug":"fr-liqui-moly-5w40-vw-511-00-mb-229-31-229-51-229-52-bmw-ll-04","status":"publish","type":"product","link":"https:\/\/fittingsgo.com\/fr\/produit\/fr-liqui-moly-5w40-vw-511-00-mb-229-31-229-51-229-52-bmw-ll-04\/","title":{"rendered":"Liqui Moly 5W40 VW 511 00, MB 229.31, 229.51, 229.52, BMW LL-04"},"content":{"rendered":"<p>LM22120, LM22122<\/p>\n<div id=\"themify_builder_content-19098\" data-postid=\"19098\" class=\"themify_builder_content themify_builder_content-19098 themify_builder\">\n    <\/div>\n<!-- \/themify_builder_content -->\n","protected":false},"excerpt":{"rendered":"<p>TOP TEC 4110 SAE 5W-40<\/p>\n<p>Huile moteur antifriction haute technologie \u00e0 base de technologie de synth\u00e8se. Emp\u00eache la formation de d\u00e9p\u00f4ts g\u00eanants, assure une bonne lubrification, une protection maximale et des performances optimales. Permet la lubrification rapide et int\u00e9grale du moteur et du turbocompresseur.<br \/>\nMB-Freigabe 229.31<br \/>\nMB-Freigabe 229.51<br \/>\nMB-Freigabe 229.52<br \/>\nPorsche C40<br \/>\nVW 511 00<br \/>\nENTI\u00c8REMENT SYNTH\u00c9TIQUE<br \/>\nFABRIQU\u00c9 EN ALLEMAGNE<\/p>\n","protected":false},"featured_media":19097,"comment_status":"closed","ping_status":"closed","template":"","meta":[],"product_brand":[],"product_cat":[320],"product_tag":[],"class_list":{"0":"post-19098","1":"product","2":"type-product","3":"status-publish","4":"has-post-thumbnail","6":"product_cat-huile-de-moteur","7":"has-post-title","8":"has-post-date","9":"has-post-category","10":"has-post-tag","11":"has-post-comment","12":"has-post-author","13":"","14":"fullcover","16":"first","17":"instock","18":"taxable","19":"shipping-taxable","20":"purchasable","21":"product-type-variable"},"jetpack_sharing_enabled":true,"builder_content":"","_links":{"self":[{"href":"https:\/\/fittingsgo.com\/fr\/wp-json\/wp\/v2\/product\/19098","targetHints":{"allow":["GET"]}}],"collection":[{"href":"https:\/\/fittingsgo.com\/fr\/wp-json\/wp\/v2\/product"}],"about":[{"href":"https:\/\/fittingsgo.com\/fr\/wp-json\/wp\/v2\/types\/product"}],"replies":[{"embeddable":true,"href":"https:\/\/fittingsgo.com\/fr\/wp-json\/wp\/v2\/comments?post=19098"}],"wp:featuredmedia":[{"embeddable":true,"href":"https:\/\/fittingsgo.com\/fr\/wp-json\/wp\/v2\/media\/19097"}],"wp:attachment":[{"href":"https:\/\/fittingsgo.com\/fr\/wp-json\/wp\/v2\/media?parent=19098"}],"wp:term":[{"taxonomy":"product_brand","embeddable":true,"href":"https:\/\/fittingsgo.com\/fr\/wp-json\/wp\/v2\/product_brand?post=19098"},{"taxonomy":"product_cat","embeddable":true,"href":"https:\/\/fittingsgo.com\/fr\/wp-json\/wp\/v2\/product_cat?post=19098"},{"taxonomy":"product_tag","embeddable":true,"href":"https:\/\/fittingsgo.com\/fr\/wp-json\/wp\/v2\/product_tag?post=19098"}],"curies":[{"name":"wp","href":"https:\/\/api.w.org\/{rel}","templated":true}]}}