{"id":18921,"date":"2020-10-25T21:53:09","date_gmt":"2020-10-26T02:53:09","guid":{"rendered":"https:\/\/fittingsgo.com\/product\/sae-ecrous-dinsertion-en-nylon\/"},"modified":"2020-10-25T21:54:39","modified_gmt":"2020-10-26T02:54:39","slug":"sae-ecrous-dinsertion-en-nylon","status":"publish","type":"product","link":"https:\/\/fittingsgo.com\/fr\/produit\/sae-ecrous-dinsertion-en-nylon\/","title":{"rendered":"SAE \u00c9crous d&#8217;insertion en nylon"},"content":{"rendered":"<div id=\"themify_builder_content-18921\" data-postid=\"18921\" class=\"themify_builder_content themify_builder_content-18921 themify_builder\">\n    <\/div>\n<!-- \/themify_builder_content -->\n","protected":false},"excerpt":{"rendered":"<p>Ces contre-\u00e9crous de couple courants offrent une excellente r\u00e9sistance aux vibrations et une large plage de r\u00e9glage. Le collier en nylon emp\u00eache les infiltrations de liquide et la corrosion interne. Il est plus petit que le diam\u00e8tre du boulon et lorsque le boulon p\u00e9n\u00e8tre dans le collier, le filetage forme<br \/>\nest impressionn\u00e9 par le nylon. Les forces de compression r\u00e9sultantes exercent une adh\u00e9rence \u00e0 friction constante sur le boulon et emp\u00eachent le desserrage. Ces \u00e9crous peuvent \u00eatre r\u00e9utilis\u00e9s jusqu&#8217;\u00e0 50 fois parce que la fonction de \u00abm\u00e9moire \u00e9lastique\u00bb du nylon le ram\u00e8ne \u00e0 sa forme d&#8217;origine. Peut \u00eatre utilis\u00e9 avec des vis de grade 2 et de grade 5 jusqu&#8217;\u00e0 250 \u00b0 F. Chromate de zinc brillant.<br \/>\nVendu(s) \u00e0 l&#8217;unit\u00e9<br \/>\nFabriqu\u00e9 par H.Paulin Papco<\/p>\n","protected":false},"featured_media":18464,"comment_status":"open","ping_status":"closed","template":"","meta":[],"product_brand":[],"product_cat":[694],"product_tag":[],"class_list":{"0":"post-18921","1":"product","2":"type-product","3":"status-publish","4":"has-post-thumbnail","6":"product_cat-boulons-ecrous-et-rondelles","7":"has-post-title","8":"has-post-date","9":"has-post-category","10":"has-post-tag","11":"has-post-comment","12":"has-post-author","13":"","14":"fullcover","16":"first","17":"instock","18":"taxable","19":"shipping-taxable","20":"purchasable","21":"product-type-variable"},"jetpack_sharing_enabled":true,"builder_content":"","_links":{"self":[{"href":"https:\/\/fittingsgo.com\/fr\/wp-json\/wp\/v2\/product\/18921","targetHints":{"allow":["GET"]}}],"collection":[{"href":"https:\/\/fittingsgo.com\/fr\/wp-json\/wp\/v2\/product"}],"about":[{"href":"https:\/\/fittingsgo.com\/fr\/wp-json\/wp\/v2\/types\/product"}],"replies":[{"embeddable":true,"href":"https:\/\/fittingsgo.com\/fr\/wp-json\/wp\/v2\/comments?post=18921"}],"wp:featuredmedia":[{"embeddable":true,"href":"https:\/\/fittingsgo.com\/fr\/wp-json\/wp\/v2\/media\/18464"}],"wp:attachment":[{"href":"https:\/\/fittingsgo.com\/fr\/wp-json\/wp\/v2\/media?parent=18921"}],"wp:term":[{"taxonomy":"product_brand","embeddable":true,"href":"https:\/\/fittingsgo.com\/fr\/wp-json\/wp\/v2\/product_brand?post=18921"},{"taxonomy":"product_cat","embeddable":true,"href":"https:\/\/fittingsgo.com\/fr\/wp-json\/wp\/v2\/product_cat?post=18921"},{"taxonomy":"product_tag","embeddable":true,"href":"https:\/\/fittingsgo.com\/fr\/wp-json\/wp\/v2\/product_tag?post=18921"}],"curies":[{"name":"wp","href":"https:\/\/api.w.org\/{rel}","templated":true}]}}