{"id":18862,"date":"2020-10-25T21:33:33","date_gmt":"2020-10-26T02:33:33","guid":{"rendered":"https:\/\/fittingsgo.com\/product\/sae-rondelles-de-blocage-regulieres-grade-2\/"},"modified":"2020-10-25T21:34:59","modified_gmt":"2020-10-26T02:34:59","slug":"sae-rondelles-de-blocage-regulieres-grade-2","status":"publish","type":"product","link":"https:\/\/fittingsgo.com\/fr\/produit\/sae-rondelles-de-blocage-regulieres-grade-2\/","title":{"rendered":"SAE Rondelles de blocage r\u00e9guli\u00e8res Grade 2"},"content":{"rendered":"<div id=\"themify_builder_content-18862\" data-postid=\"18862\" class=\"themify_builder_content themify_builder_content-18862 themify_builder\">\n    <\/div>\n<!-- \/themify_builder_content -->\n","protected":false},"excerpt":{"rendered":"<p>Les rondelles de blocage Papco fournissent une action de ressort de verrouillage contre la tendance des assemblages filet\u00e9s \u00e0 se desserrer en raison des vibrations. Ils sont fabriqu\u00e9s selon les sp\u00e9cifications de la Society of Automotive Engineers (S.A.E.) et la norme actuelle ANSI B27.1. Ils sont fournis en version r\u00e9guli\u00e8re, pour les boulons de grade 2 et les applications \u00e0 faible charge.<br \/>\nVendu(s) \u00e0 l&#8217;unit\u00e9.<br \/>\nFabriqu\u00e9 par H.Paulin Papco<\/p>\n","protected":false},"featured_media":18398,"comment_status":"open","ping_status":"closed","template":"","meta":[],"product_brand":[],"product_cat":[694],"product_tag":[],"class_list":{"0":"post-18862","1":"product","2":"type-product","3":"status-publish","4":"has-post-thumbnail","6":"product_cat-boulons-ecrous-et-rondelles","7":"has-post-title","8":"has-post-date","9":"has-post-category","10":"has-post-tag","11":"has-post-comment","12":"has-post-author","13":"","14":"fullcover","16":"first","17":"instock","18":"taxable","19":"shipping-taxable","20":"purchasable","21":"product-type-variable"},"jetpack_sharing_enabled":true,"builder_content":"","_links":{"self":[{"href":"https:\/\/fittingsgo.com\/fr\/wp-json\/wp\/v2\/product\/18862","targetHints":{"allow":["GET"]}}],"collection":[{"href":"https:\/\/fittingsgo.com\/fr\/wp-json\/wp\/v2\/product"}],"about":[{"href":"https:\/\/fittingsgo.com\/fr\/wp-json\/wp\/v2\/types\/product"}],"replies":[{"embeddable":true,"href":"https:\/\/fittingsgo.com\/fr\/wp-json\/wp\/v2\/comments?post=18862"}],"wp:featuredmedia":[{"embeddable":true,"href":"https:\/\/fittingsgo.com\/fr\/wp-json\/wp\/v2\/media\/18398"}],"wp:attachment":[{"href":"https:\/\/fittingsgo.com\/fr\/wp-json\/wp\/v2\/media?parent=18862"}],"wp:term":[{"taxonomy":"product_brand","embeddable":true,"href":"https:\/\/fittingsgo.com\/fr\/wp-json\/wp\/v2\/product_brand?post=18862"},{"taxonomy":"product_cat","embeddable":true,"href":"https:\/\/fittingsgo.com\/fr\/wp-json\/wp\/v2\/product_cat?post=18862"},{"taxonomy":"product_tag","embeddable":true,"href":"https:\/\/fittingsgo.com\/fr\/wp-json\/wp\/v2\/product_tag?post=18862"}],"curies":[{"name":"wp","href":"https:\/\/api.w.org\/{rel}","templated":true}]}}