{"id":18624,"date":"2020-10-25T21:11:43","date_gmt":"2020-10-26T02:11:43","guid":{"rendered":"https:\/\/fittingsgo.com\/product\/sae-boulons-en-metal-nu-grade-5\/"},"modified":"2020-10-25T21:21:47","modified_gmt":"2020-10-26T02:21:47","slug":"sae-boulons-en-metal-nu-grade-5","status":"publish","type":"product","link":"https:\/\/fittingsgo.com\/fr\/produit\/sae-boulons-en-metal-nu-grade-5\/","title":{"rendered":"SAE Boulons en m\u00e9tal nu grade 5"},"content":{"rendered":"<p>Les vis d&#8217;assemblage Papco Grade 5, identifi\u00e9es par le marquage \u00e0 trois t\u00eates de barre radiale, sont fabriqu\u00e9es en acier au carbone moyen, tremp\u00e9es et tremp\u00e9es pour une r\u00e9sistance \u00e0 la traction et une puissance de maintien sup\u00e9rieures.<br \/>\nR\u00e9sistance \u00e0 la traction: jusqu&#8217;\u00e0 1 \u201dde diam\u00e8tre-120 000 p.s.i. (min.) 1-1 \/ 8 \u201dDia. jusqu&#8217;\u00e0-105 000 p.s.i. (min.)<\/p>\n<div id=\"themify_builder_content-18624\" data-postid=\"18624\" class=\"themify_builder_content themify_builder_content-18624 themify_builder\">\n    <\/div>\n<!-- \/themify_builder_content -->\n","protected":false},"excerpt":{"rendered":"<p>&#8211; Fabriqu\u00e9 \u00e0 S.A.E. Sp\u00e9cifications J429.<br \/>\n&#8211; Acier au carbone moyen.<br \/>\n&#8211; Double traitement thermique.<br \/>\n&#8211; Metal \u00e0 nu.<br \/>\nVendu(s) \u00e0 l&#8217;unit\u00e9<br \/>\nFabriqu\u00e9 par H.Paulin Papco<\/p>\n","protected":false},"featured_media":18145,"comment_status":"open","ping_status":"closed","template":"","meta":[],"product_brand":[],"product_cat":[694],"product_tag":[],"class_list":{"0":"post-18624","1":"product","2":"type-product","3":"status-publish","4":"has-post-thumbnail","6":"product_cat-boulons-ecrous-et-rondelles","7":"has-post-title","8":"has-post-date","9":"has-post-category","10":"has-post-tag","11":"has-post-comment","12":"has-post-author","13":"","14":"fullcover","16":"first","17":"instock","18":"taxable","19":"shipping-taxable","20":"purchasable","21":"product-type-variable"},"jetpack_sharing_enabled":true,"builder_content":"","_links":{"self":[{"href":"https:\/\/fittingsgo.com\/fr\/wp-json\/wp\/v2\/product\/18624","targetHints":{"allow":["GET"]}}],"collection":[{"href":"https:\/\/fittingsgo.com\/fr\/wp-json\/wp\/v2\/product"}],"about":[{"href":"https:\/\/fittingsgo.com\/fr\/wp-json\/wp\/v2\/types\/product"}],"replies":[{"embeddable":true,"href":"https:\/\/fittingsgo.com\/fr\/wp-json\/wp\/v2\/comments?post=18624"}],"wp:featuredmedia":[{"embeddable":true,"href":"https:\/\/fittingsgo.com\/fr\/wp-json\/wp\/v2\/media\/18145"}],"wp:attachment":[{"href":"https:\/\/fittingsgo.com\/fr\/wp-json\/wp\/v2\/media?parent=18624"}],"wp:term":[{"taxonomy":"product_brand","embeddable":true,"href":"https:\/\/fittingsgo.com\/fr\/wp-json\/wp\/v2\/product_brand?post=18624"},{"taxonomy":"product_cat","embeddable":true,"href":"https:\/\/fittingsgo.com\/fr\/wp-json\/wp\/v2\/product_cat?post=18624"},{"taxonomy":"product_tag","embeddable":true,"href":"https:\/\/fittingsgo.com\/fr\/wp-json\/wp\/v2\/product_tag?post=18624"}],"curies":[{"name":"wp","href":"https:\/\/api.w.org\/{rel}","templated":true}]}}