{"id":18482,"date":"2020-10-25T21:04:36","date_gmt":"2020-10-26T02:04:36","guid":{"rendered":"https:\/\/fittingsgo.com\/product\/boulons-metriques-de-classe-88-chromes-en-zinc\/"},"modified":"2020-10-25T21:58:31","modified_gmt":"2020-10-26T02:58:31","slug":"metriques-boulons-de-classe-88-chromes-en-zinc","status":"publish","type":"product","link":"https:\/\/fittingsgo.com\/fr\/produit\/metriques-boulons-de-classe-88-chromes-en-zinc\/","title":{"rendered":"M\u00e9triques boulons de classe 8,8 chrom\u00e9s en zinc"},"content":{"rendered":"<div id=\"themify_builder_content-18482\" data-postid=\"18482\" class=\"themify_builder_content themify_builder_content-18482 themify_builder\">\n    <\/div>\n<!-- \/themify_builder_content -->\n","protected":false},"excerpt":{"rendered":"<p>&#8211; Vis \u00e0 haute r\u00e9sistance fabriqu\u00e9es selon les sp\u00e9cifications ISO-m\u00e9triques<br \/>\n&#8211; Classe de propri\u00e9t\u00e9: 8,8 (r\u00e9sistance \u00e0 la traction nominale 800 MPa ou environ 118000 p.s.i., similaire \u00e0 S.A.E. Grade 5)<br \/>\n&#8211; Acier trait\u00e9 thermiquement, chrom\u00e9 de zinc<br \/>\nVendu(s) \u00e0 l&#8217;unit\u00e9<br \/>\nFabriqu\u00e9 par Papco H.Paulin<\/p>\n","protected":false},"featured_media":18004,"comment_status":"open","ping_status":"closed","template":"","meta":[],"product_brand":[],"product_cat":[694],"product_tag":[],"class_list":{"0":"post-18482","1":"product","2":"type-product","3":"status-publish","4":"has-post-thumbnail","6":"product_cat-boulons-ecrous-et-rondelles","7":"has-post-title","8":"has-post-date","9":"has-post-category","10":"has-post-tag","11":"has-post-comment","12":"has-post-author","13":"","14":"fullcover","16":"first","17":"instock","18":"taxable","19":"shipping-taxable","20":"purchasable","21":"product-type-variable"},"jetpack_sharing_enabled":true,"builder_content":"","_links":{"self":[{"href":"https:\/\/fittingsgo.com\/fr\/wp-json\/wp\/v2\/product\/18482","targetHints":{"allow":["GET"]}}],"collection":[{"href":"https:\/\/fittingsgo.com\/fr\/wp-json\/wp\/v2\/product"}],"about":[{"href":"https:\/\/fittingsgo.com\/fr\/wp-json\/wp\/v2\/types\/product"}],"replies":[{"embeddable":true,"href":"https:\/\/fittingsgo.com\/fr\/wp-json\/wp\/v2\/comments?post=18482"}],"wp:featuredmedia":[{"embeddable":true,"href":"https:\/\/fittingsgo.com\/fr\/wp-json\/wp\/v2\/media\/18004"}],"wp:attachment":[{"href":"https:\/\/fittingsgo.com\/fr\/wp-json\/wp\/v2\/media?parent=18482"}],"wp:term":[{"taxonomy":"product_brand","embeddable":true,"href":"https:\/\/fittingsgo.com\/fr\/wp-json\/wp\/v2\/product_brand?post=18482"},{"taxonomy":"product_cat","embeddable":true,"href":"https:\/\/fittingsgo.com\/fr\/wp-json\/wp\/v2\/product_cat?post=18482"},{"taxonomy":"product_tag","embeddable":true,"href":"https:\/\/fittingsgo.com\/fr\/wp-json\/wp\/v2\/product_tag?post=18482"}],"curies":[{"name":"wp","href":"https:\/\/api.w.org\/{rel}","templated":true}]}}