{"id":17991,"date":"2020-10-18T22:44:48","date_gmt":"2020-10-19T03:44:48","guid":{"rendered":"https:\/\/fittingsgo.com\/product\/pompe-a-huile-a-levier-pour-chaudiere\/"},"modified":"2020-10-18T22:46:13","modified_gmt":"2020-10-19T03:46:13","slug":"pompe-a-huile-a-levier-pour-chaudiere","status":"publish","type":"product","link":"https:\/\/fittingsgo.com\/fr\/produit\/pompe-a-huile-a-levier-pour-chaudiere\/","title":{"rendered":"Pompe \u00e0 huile \u00e0 levier pour chaudi\u00e8re"},"content":{"rendered":"<p>600540<\/p>\n<div id=\"themify_builder_content-17991\" data-postid=\"17991\" class=\"themify_builder_content themify_builder_content-17991 themify_builder\">\n    <\/div>\n<!-- \/themify_builder_content -->\n","protected":false},"excerpt":{"rendered":"<p>Pour conteneur: 25-50lb \/ 5gal. \/ 20 L<br \/>\nFournit: 60 ml (2,14 oz) \/ course<br \/>\nFabriqu\u00e9 par Maktig<\/p>\n","protected":false},"featured_media":17990,"comment_status":"open","ping_status":"closed","template":"","meta":[],"product_brand":[],"product_cat":[197],"product_tag":[],"class_list":{"0":"post-17991","1":"product","2":"type-product","3":"status-publish","4":"has-post-thumbnail","6":"product_cat-outils-de-transfert-de-fluide","7":"has-post-title","8":"has-post-date","9":"has-post-category","10":"has-post-tag","11":"has-post-comment","12":"has-post-author","13":"","14":"fullcover","16":"first","17":"instock","18":"taxable","19":"shipping-taxable","20":"purchasable","21":"product-type-simple"},"jetpack_sharing_enabled":true,"builder_content":"","_links":{"self":[{"href":"https:\/\/fittingsgo.com\/fr\/wp-json\/wp\/v2\/product\/17991","targetHints":{"allow":["GET"]}}],"collection":[{"href":"https:\/\/fittingsgo.com\/fr\/wp-json\/wp\/v2\/product"}],"about":[{"href":"https:\/\/fittingsgo.com\/fr\/wp-json\/wp\/v2\/types\/product"}],"replies":[{"embeddable":true,"href":"https:\/\/fittingsgo.com\/fr\/wp-json\/wp\/v2\/comments?post=17991"}],"wp:featuredmedia":[{"embeddable":true,"href":"https:\/\/fittingsgo.com\/fr\/wp-json\/wp\/v2\/media\/17990"}],"wp:attachment":[{"href":"https:\/\/fittingsgo.com\/fr\/wp-json\/wp\/v2\/media?parent=17991"}],"wp:term":[{"taxonomy":"product_brand","embeddable":true,"href":"https:\/\/fittingsgo.com\/fr\/wp-json\/wp\/v2\/product_brand?post=17991"},{"taxonomy":"product_cat","embeddable":true,"href":"https:\/\/fittingsgo.com\/fr\/wp-json\/wp\/v2\/product_cat?post=17991"},{"taxonomy":"product_tag","embeddable":true,"href":"https:\/\/fittingsgo.com\/fr\/wp-json\/wp\/v2\/product_tag?post=17991"}],"curies":[{"name":"wp","href":"https:\/\/api.w.org\/{rel}","templated":true}]}}