{"id":17987,"date":"2020-10-18T22:37:29","date_gmt":"2020-10-19T03:37:29","guid":{"rendered":"https:\/\/fittingsgo.com\/product\/instant-shudder-fixx-fr\/"},"modified":"2020-10-18T22:38:19","modified_gmt":"2020-10-19T03:38:19","slug":"instant-shudder-fixx-fr","status":"publish","type":"product","link":"https:\/\/fittingsgo.com\/fr\/produit\/instant-shudder-fixx-fr\/","title":{"rendered":"Instant Shudder Fixx"},"content":{"rendered":"<p>19610<\/p>\n<div id=\"themify_builder_content-17987\" data-postid=\"17987\" class=\"themify_builder_content themify_builder_content-17987 themify_builder\">\n    <\/div>\n<!-- \/themify_builder_content -->\n","protected":false},"excerpt":{"rendered":"<p>Un modificateur de friction concentr\u00e9 formul\u00e9 sp\u00e9cifiquement pour \u00e9liminer IMM\u00c9DIATEMENT les tremblements de verrouillage du convertisseur de couple.<br \/>\n(Pour utilisation dans TOUT fluide de transmission automatique, \u00e0 l&#8217;exception des applications CVT, DCT et Ford Type F [mod\u00e8les 1986 et ant\u00e9rieurs])<br \/>\n59,2 ml<br \/>\nFabriqu\u00e9 par Lubegard<\/p>\n","protected":false},"featured_media":17986,"comment_status":"open","ping_status":"closed","template":"","meta":[],"product_brand":[],"product_cat":[569],"product_tag":[],"class_list":{"0":"post-17987","1":"product","2":"type-product","3":"status-publish","4":"has-post-thumbnail","6":"product_cat-huile-de-transmission-automatique","7":"has-post-title","8":"has-post-date","9":"has-post-category","10":"has-post-tag","11":"has-post-comment","12":"has-post-author","13":"","14":"fullcover","16":"first","17":"instock","18":"taxable","19":"shipping-taxable","20":"purchasable","21":"product-type-simple"},"jetpack_sharing_enabled":true,"builder_content":"","_links":{"self":[{"href":"https:\/\/fittingsgo.com\/fr\/wp-json\/wp\/v2\/product\/17987","targetHints":{"allow":["GET"]}}],"collection":[{"href":"https:\/\/fittingsgo.com\/fr\/wp-json\/wp\/v2\/product"}],"about":[{"href":"https:\/\/fittingsgo.com\/fr\/wp-json\/wp\/v2\/types\/product"}],"replies":[{"embeddable":true,"href":"https:\/\/fittingsgo.com\/fr\/wp-json\/wp\/v2\/comments?post=17987"}],"wp:featuredmedia":[{"embeddable":true,"href":"https:\/\/fittingsgo.com\/fr\/wp-json\/wp\/v2\/media\/17986"}],"wp:attachment":[{"href":"https:\/\/fittingsgo.com\/fr\/wp-json\/wp\/v2\/media?parent=17987"}],"wp:term":[{"taxonomy":"product_brand","embeddable":true,"href":"https:\/\/fittingsgo.com\/fr\/wp-json\/wp\/v2\/product_brand?post=17987"},{"taxonomy":"product_cat","embeddable":true,"href":"https:\/\/fittingsgo.com\/fr\/wp-json\/wp\/v2\/product_cat?post=17987"},{"taxonomy":"product_tag","embeddable":true,"href":"https:\/\/fittingsgo.com\/fr\/wp-json\/wp\/v2\/product_tag?post=17987"}],"curies":[{"name":"wp","href":"https:\/\/api.w.org\/{rel}","templated":true}]}}