{"id":17979,"date":"2020-10-18T22:24:08","date_gmt":"2020-10-19T03:24:08","guid":{"rendered":"https:\/\/fittingsgo.com\/product\/adhesif-pour-emblemes-press-in-place-de-3m\/"},"modified":"2020-10-18T22:26:36","modified_gmt":"2020-10-19T03:26:36","slug":"adhesif-pour-emblemes-press-in-place-de-3m","status":"publish","type":"product","link":"https:\/\/fittingsgo.com\/fr\/produit\/adhesif-pour-emblemes-press-in-place-de-3m\/","title":{"rendered":"Adh\u00e9sif pour embl\u00e8mes \u00abPress-in-Place\u00bb de 3M"},"content":{"rendered":"<p>08069<\/p>\n<div id=\"themify_builder_content-17979\" data-postid=\"17979\" class=\"themify_builder_content themify_builder_content-17979 themify_builder\">\n    <\/div>\n<!-- \/themify_builder_content -->\n","protected":false},"excerpt":{"rendered":"<p>2 po x 10 po<br \/>\n10 par paquet<br \/>\nL\u2019adh\u00e9sif pour embl\u00e8mes 08069 Press-in-Place 3M permet de recoller les embl\u00e8mes d\u00e9j\u00e0 dot\u00e9s de ruban de mousse. Cet adh\u00e9sif est dot\u00e9 d\u2019une pellicule de transfert d\u2019adh\u00e9sif microreproduite et ne n\u00e9cessite aucun \u00e9tirement ou \u00e9barbage. Il suffit d\u2019appuyer l\u2019embl\u00e8me sur l&#8217;adh\u00e9sif et de poser l&#8217;embl\u00e8me sur le v\u00e9hicule.<br \/>\nFabriqu\u00e9 par 3M<\/p>\n","protected":false},"featured_media":17978,"comment_status":"open","ping_status":"closed","template":"","meta":[],"product_brand":[],"product_cat":[427],"product_tag":[],"class_list":{"0":"post-17979","1":"product","2":"type-product","3":"status-publish","4":"has-post-thumbnail","6":"product_cat-silicones-et-adhesifs","7":"has-post-title","8":"has-post-date","9":"has-post-category","10":"has-post-tag","11":"has-post-comment","12":"has-post-author","13":"","14":"fullcover","16":"first","17":"instock","18":"taxable","19":"shipping-taxable","20":"purchasable","21":"product-type-simple"},"jetpack_sharing_enabled":true,"builder_content":"","_links":{"self":[{"href":"https:\/\/fittingsgo.com\/fr\/wp-json\/wp\/v2\/product\/17979","targetHints":{"allow":["GET"]}}],"collection":[{"href":"https:\/\/fittingsgo.com\/fr\/wp-json\/wp\/v2\/product"}],"about":[{"href":"https:\/\/fittingsgo.com\/fr\/wp-json\/wp\/v2\/types\/product"}],"replies":[{"embeddable":true,"href":"https:\/\/fittingsgo.com\/fr\/wp-json\/wp\/v2\/comments?post=17979"}],"wp:featuredmedia":[{"embeddable":true,"href":"https:\/\/fittingsgo.com\/fr\/wp-json\/wp\/v2\/media\/17978"}],"wp:attachment":[{"href":"https:\/\/fittingsgo.com\/fr\/wp-json\/wp\/v2\/media?parent=17979"}],"wp:term":[{"taxonomy":"product_brand","embeddable":true,"href":"https:\/\/fittingsgo.com\/fr\/wp-json\/wp\/v2\/product_brand?post=17979"},{"taxonomy":"product_cat","embeddable":true,"href":"https:\/\/fittingsgo.com\/fr\/wp-json\/wp\/v2\/product_cat?post=17979"},{"taxonomy":"product_tag","embeddable":true,"href":"https:\/\/fittingsgo.com\/fr\/wp-json\/wp\/v2\/product_tag?post=17979"}],"curies":[{"name":"wp","href":"https:\/\/api.w.org\/{rel}","templated":true}]}}