{"id":17973,"date":"2020-10-18T22:15:16","date_gmt":"2020-10-19T03:15:16","guid":{"rendered":"https:\/\/fittingsgo.com\/product\/peinture-metallisee\/"},"modified":"2022-11-29T12:20:36","modified_gmt":"2022-11-29T17:20:36","slug":"peinture-metallisee","status":"publish","type":"product","link":"https:\/\/fittingsgo.com\/fr\/produit\/peinture-metallisee\/","title":{"rendered":"Peinture m\u00e9tallis\u00e9e"},"content":{"rendered":"<p>CCS101, CGS100<\/p>\n<div id=\"themify_builder_content-17973\" data-postid=\"17973\" class=\"themify_builder_content themify_builder_content-17973 themify_builder\">\n    <\/div>\n<!-- \/themify_builder_content -->\n","protected":false},"excerpt":{"rendered":"<p>La peinture m\u00e9tallis\u00e9e Dupli-Color Automotive Metallic conf\u00e8re un fini m\u00e9tallique brillant aux garnitures et aux accessoires d\u2019automobiles. Offert dans les tons Chrome et Or, la peinture Dupli-Color Automotive Metallic s\u2019applique \u00e0 l\u2019int\u00e9rieure et \u00e0 l\u2019ext\u00e9rieure.<br \/>\n311g<br \/>\nFabriqu\u00e9 par Dupli-Color<\/p>\n","protected":false},"featured_media":17972,"comment_status":"open","ping_status":"closed","template":"","meta":[],"product_brand":[],"product_cat":[326],"product_tag":[],"class_list":{"0":"post-17973","1":"product","2":"type-product","3":"status-publish","4":"has-post-thumbnail","6":"product_cat-peintures-apprets-etc","7":"has-post-title","8":"has-post-date","9":"has-post-category","10":"has-post-tag","11":"has-post-comment","12":"has-post-author","13":"","14":"fullcover","16":"first","17":"instock","18":"taxable","19":"shipping-taxable","20":"purchasable","21":"product-type-variable"},"jetpack_sharing_enabled":true,"builder_content":"","_links":{"self":[{"href":"https:\/\/fittingsgo.com\/fr\/wp-json\/wp\/v2\/product\/17973","targetHints":{"allow":["GET"]}}],"collection":[{"href":"https:\/\/fittingsgo.com\/fr\/wp-json\/wp\/v2\/product"}],"about":[{"href":"https:\/\/fittingsgo.com\/fr\/wp-json\/wp\/v2\/types\/product"}],"replies":[{"embeddable":true,"href":"https:\/\/fittingsgo.com\/fr\/wp-json\/wp\/v2\/comments?post=17973"}],"wp:featuredmedia":[{"embeddable":true,"href":"https:\/\/fittingsgo.com\/fr\/wp-json\/wp\/v2\/media\/17972"}],"wp:attachment":[{"href":"https:\/\/fittingsgo.com\/fr\/wp-json\/wp\/v2\/media?parent=17973"}],"wp:term":[{"taxonomy":"product_brand","embeddable":true,"href":"https:\/\/fittingsgo.com\/fr\/wp-json\/wp\/v2\/product_brand?post=17973"},{"taxonomy":"product_cat","embeddable":true,"href":"https:\/\/fittingsgo.com\/fr\/wp-json\/wp\/v2\/product_cat?post=17973"},{"taxonomy":"product_tag","embeddable":true,"href":"https:\/\/fittingsgo.com\/fr\/wp-json\/wp\/v2\/product_tag?post=17973"}],"curies":[{"name":"wp","href":"https:\/\/api.w.org\/{rel}","templated":true}]}}