{"id":17956,"date":"2020-10-18T21:59:38","date_gmt":"2020-10-19T02:59:38","guid":{"rendered":"https:\/\/fittingsgo.com\/product\/45-femelle-a-45-male\/"},"modified":"2020-10-18T22:01:18","modified_gmt":"2020-10-19T03:01:18","slug":"45-femelle-a-45-male","status":"publish","type":"product","link":"https:\/\/fittingsgo.com\/fr\/produit\/45-femelle-a-45-male\/","title":{"rendered":"45\u00b0 femelle \u00e0 45\u00b0 m\u00e2le"},"content":{"rendered":"<p>35-46, 35-64, 35-68, 35-84, 35-86, 35-810, 35-108<\/p>\n<div id=\"themify_builder_content-17956\" data-postid=\"17956\" class=\"themify_builder_content themify_builder_content-17956 themify_builder\">\n    <\/div>\n<!-- \/themify_builder_content -->\n","protected":false},"excerpt":{"rendered":"<p>Raccord \u00e9vas\u00e9 m\u00e2le \u00e9vas\u00e9 femelle Les raccords \u00e9vas\u00e9s SAE 45\u00b0 sont id\u00e9aux pour une utilisation avec le gaz propane, le gaz naturel, la r\u00e9frig\u00e9ration, l&#8217;essence et plus<br \/>\nFabriqu\u00e9 par Fairview Fittings<\/p>\n","protected":false},"featured_media":17955,"comment_status":"open","ping_status":"closed","template":"","meta":[],"product_brand":[],"product_cat":[335],"product_tag":[],"class_list":{"0":"post-17956","1":"product","2":"type-product","3":"status-publish","4":"has-post-thumbnail","6":"product_cat-raccords-en-laiton-npt","7":"has-post-title","8":"has-post-date","9":"has-post-category","10":"has-post-tag","11":"has-post-comment","12":"has-post-author","13":"","14":"fullcover","16":"first","17":"instock","18":"taxable","19":"shipping-taxable","20":"purchasable","21":"product-type-variable"},"jetpack_sharing_enabled":true,"builder_content":"","_links":{"self":[{"href":"https:\/\/fittingsgo.com\/fr\/wp-json\/wp\/v2\/product\/17956","targetHints":{"allow":["GET"]}}],"collection":[{"href":"https:\/\/fittingsgo.com\/fr\/wp-json\/wp\/v2\/product"}],"about":[{"href":"https:\/\/fittingsgo.com\/fr\/wp-json\/wp\/v2\/types\/product"}],"replies":[{"embeddable":true,"href":"https:\/\/fittingsgo.com\/fr\/wp-json\/wp\/v2\/comments?post=17956"}],"wp:featuredmedia":[{"embeddable":true,"href":"https:\/\/fittingsgo.com\/fr\/wp-json\/wp\/v2\/media\/17955"}],"wp:attachment":[{"href":"https:\/\/fittingsgo.com\/fr\/wp-json\/wp\/v2\/media?parent=17956"}],"wp:term":[{"taxonomy":"product_brand","embeddable":true,"href":"https:\/\/fittingsgo.com\/fr\/wp-json\/wp\/v2\/product_brand?post=17956"},{"taxonomy":"product_cat","embeddable":true,"href":"https:\/\/fittingsgo.com\/fr\/wp-json\/wp\/v2\/product_cat?post=17956"},{"taxonomy":"product_tag","embeddable":true,"href":"https:\/\/fittingsgo.com\/fr\/wp-json\/wp\/v2\/product_tag?post=17956"}],"curies":[{"name":"wp","href":"https:\/\/api.w.org\/{rel}","templated":true}]}}