{"id":17932,"date":"2020-10-18T21:36:46","date_gmt":"2020-10-19T02:36:46","guid":{"rendered":"https:\/\/fittingsgo.com\/product\/assemblages-de-bride-en-v\/"},"modified":"2020-10-18T21:40:31","modified_gmt":"2020-10-19T02:40:31","slug":"assemblages-de-bride-en-v","status":"publish","type":"product","link":"https:\/\/fittingsgo.com\/fr\/produit\/assemblages-de-bride-en-v\/","title":{"rendered":"Assemblages de bride en V"},"content":{"rendered":"<p>1486, 1487, 1488, 1489, 1497, 1490, 1496, 1491, 1492, 1493, 1494<\/p>\n<div id=\"themify_builder_content-17932\" data-postid=\"17932\" class=\"themify_builder_content themify_builder_content-17932 themify_builder\">\n    <\/div>\n<!-- \/themify_builder_content -->\n","protected":false},"excerpt":{"rendered":"<p>Brides et assemblages de bande en V en acier inoxydable<br \/>\nLes brides \u00e0 bande en V Vibrant Performance sont le choix des professionnels de l&#8217;industrie et offrent une excellente alternative \u00e0 d\u00e9gagement rapide aux raccords de tubes traditionnels \u00e0 bride ou \u00e0 ajustement glissant.<br \/>\nNos assemblages de bande en V offrent une \u00e9tanch\u00e9it\u00e9 sans joint gr\u00e2ce \u00e0 notre conception de bride \u00abm\u00e2le-femelle\u00bb et \u00e0 une r\u00e9tention positive sup\u00e9rieure par rapport aux autres options d&#8217;accouplement de tube.<br \/>\nChaque assemblage complet comprend deux (2) brides \u00e0 bande en V et une (1) bride \u00e0 bande en V.<br \/>\nBrides fabriqu\u00e9es en acier inoxydable 304.<br \/>\nFabriqu\u00e9 par Vibrant<\/p>\n","protected":false},"featured_media":17931,"comment_status":"open","ping_status":"closed","template":"","meta":[],"product_brand":[],"product_cat":[635],"product_tag":[],"class_list":{"0":"post-17932","1":"product","2":"type-product","3":"status-publish","4":"has-post-thumbnail","6":"product_cat-filtres-a-air-coupleurs-et-tuyau-a-vacuum","7":"has-post-title","8":"has-post-date","9":"has-post-category","10":"has-post-tag","11":"has-post-comment","12":"has-post-author","13":"","14":"fullcover","16":"first","17":"instock","18":"taxable","19":"shipping-taxable","20":"purchasable","21":"product-type-variable"},"jetpack_sharing_enabled":true,"builder_content":"","_links":{"self":[{"href":"https:\/\/fittingsgo.com\/fr\/wp-json\/wp\/v2\/product\/17932","targetHints":{"allow":["GET"]}}],"collection":[{"href":"https:\/\/fittingsgo.com\/fr\/wp-json\/wp\/v2\/product"}],"about":[{"href":"https:\/\/fittingsgo.com\/fr\/wp-json\/wp\/v2\/types\/product"}],"replies":[{"embeddable":true,"href":"https:\/\/fittingsgo.com\/fr\/wp-json\/wp\/v2\/comments?post=17932"}],"wp:featuredmedia":[{"embeddable":true,"href":"https:\/\/fittingsgo.com\/fr\/wp-json\/wp\/v2\/media\/17931"}],"wp:attachment":[{"href":"https:\/\/fittingsgo.com\/fr\/wp-json\/wp\/v2\/media?parent=17932"}],"wp:term":[{"taxonomy":"product_brand","embeddable":true,"href":"https:\/\/fittingsgo.com\/fr\/wp-json\/wp\/v2\/product_brand?post=17932"},{"taxonomy":"product_cat","embeddable":true,"href":"https:\/\/fittingsgo.com\/fr\/wp-json\/wp\/v2\/product_cat?post=17932"},{"taxonomy":"product_tag","embeddable":true,"href":"https:\/\/fittingsgo.com\/fr\/wp-json\/wp\/v2\/product_tag?post=17932"}],"curies":[{"name":"wp","href":"https:\/\/api.w.org\/{rel}","templated":true}]}}