{"id":17897,"date":"2020-10-18T21:16:14","date_gmt":"2020-10-19T02:16:14","guid":{"rendered":"https:\/\/fittingsgo.com\/product\/adaptateur-npt-femelle-a-45-male\/"},"modified":"2020-10-18T21:19:00","modified_gmt":"2020-10-19T02:19:00","slug":"adaptateur-npt-femelle-a-45-male","status":"publish","type":"product","link":"https:\/\/fittingsgo.com\/fr\/produit\/adaptateur-npt-femelle-a-45-male\/","title":{"rendered":"Adaptateur NPT femelle \u00e0 45\u00b0 m\u00e2le"},"content":{"rendered":"<p>46-3A, 46-4A,46-4B, 46-4C, 46-4D, 46-5A,46-5B,46-6A, 46-6B,46-6C, 46-6D, 46-6E, 46-8B,46-8C,46-8D, 46-8E, 46-10D, 46-10E, 46-12D, 46-12E<\/p>\n<div id=\"themify_builder_content-17897\" data-postid=\"17897\" class=\"themify_builder_content themify_builder_content-17897 themify_builder\">\n    <\/div>\n<!-- \/themify_builder_content -->\n","protected":false},"excerpt":{"rendered":"<p>Raccord de tuyau femelle Les raccords \u00e9vas\u00e9s \u00e0 45\u00b0 SAE sont id\u00e9aux pour une utilisation avec du GPL, du gaz naturel, de la r\u00e9frig\u00e9ration, de l&#8217;essence et plus encore.<br \/>\nVendus s\u00e9par\u00e9ment<br \/>\nFabriqu\u00e9 par Fairview Fittings<\/p>\n","protected":false},"featured_media":17896,"comment_status":"open","ping_status":"closed","template":"","meta":[],"product_brand":[],"product_cat":[335],"product_tag":[],"class_list":{"0":"post-17897","1":"product","2":"type-product","3":"status-publish","4":"has-post-thumbnail","6":"product_cat-raccords-en-laiton-npt","7":"has-post-title","8":"has-post-date","9":"has-post-category","10":"has-post-tag","11":"has-post-comment","12":"has-post-author","13":"","14":"fullcover","16":"first","17":"instock","18":"taxable","19":"shipping-taxable","20":"purchasable","21":"product-type-variable"},"jetpack_sharing_enabled":true,"builder_content":"","_links":{"self":[{"href":"https:\/\/fittingsgo.com\/fr\/wp-json\/wp\/v2\/product\/17897","targetHints":{"allow":["GET"]}}],"collection":[{"href":"https:\/\/fittingsgo.com\/fr\/wp-json\/wp\/v2\/product"}],"about":[{"href":"https:\/\/fittingsgo.com\/fr\/wp-json\/wp\/v2\/types\/product"}],"replies":[{"embeddable":true,"href":"https:\/\/fittingsgo.com\/fr\/wp-json\/wp\/v2\/comments?post=17897"}],"wp:featuredmedia":[{"embeddable":true,"href":"https:\/\/fittingsgo.com\/fr\/wp-json\/wp\/v2\/media\/17896"}],"wp:attachment":[{"href":"https:\/\/fittingsgo.com\/fr\/wp-json\/wp\/v2\/media?parent=17897"}],"wp:term":[{"taxonomy":"product_brand","embeddable":true,"href":"https:\/\/fittingsgo.com\/fr\/wp-json\/wp\/v2\/product_brand?post=17897"},{"taxonomy":"product_cat","embeddable":true,"href":"https:\/\/fittingsgo.com\/fr\/wp-json\/wp\/v2\/product_cat?post=17897"},{"taxonomy":"product_tag","embeddable":true,"href":"https:\/\/fittingsgo.com\/fr\/wp-json\/wp\/v2\/product_tag?post=17897"}],"curies":[{"name":"wp","href":"https:\/\/api.w.org\/{rel}","templated":true}]}}