{"id":17873,"date":"2020-10-18T20:37:35","date_gmt":"2020-10-19T01:37:35","guid":{"rendered":"https:\/\/fittingsgo.com\/product\/liqui-moly-5w50-specifications-japonais-coreen-et-americain\/"},"modified":"2020-10-18T20:42:33","modified_gmt":"2020-10-19T01:42:33","slug":"liqui-moly-5w50-specifications-japonais-coreen-et-americain","status":"publish","type":"product","link":"https:\/\/fittingsgo.com\/fr\/produit\/liqui-moly-5w50-specifications-japonais-coreen-et-americain\/","title":{"rendered":"Liqui Moly 5W50 sp\u00e9cifications japonais, cor\u00e9en et am\u00e9ricain"},"content":{"rendered":"<p>LM20310<\/p>\n<div id=\"themify_builder_content-17873\" data-postid=\"17873\" class=\"themify_builder_content themify_builder_content-17873 themify_builder\">\n    <\/div>\n<!-- \/themify_builder_content -->\n","protected":false},"excerpt":{"rendered":"<p>MOLYGEN NEW GENERATION 5W-50<br \/>\nId\u00e9al pour les moteurs \u00e0 essence modernes asiatiques et am\u00e9ricains avec technologie multi-soupapes et turbocompresseur avec et sans refroidissement par air de suralimentation. Pour la protection et la conservation de la valeur du moteur pendant les longs intervalles entre les vidanges d&#8217;huile et en cas d&#8217;exigences extr\u00eames du moteur.<br \/>\nCOMPL\u00c8TEMENT SYNTH\u00c9TIQUE<br \/>\n5 L<br \/>\nFABRIQU\u00c9 EN ALLEMAGNE<\/p>\n","protected":false},"featured_media":17872,"comment_status":"open","ping_status":"closed","template":"","meta":[],"product_brand":[],"product_cat":[320],"product_tag":[],"class_list":{"0":"post-17873","1":"product","2":"type-product","3":"status-publish","4":"has-post-thumbnail","6":"product_cat-huile-de-moteur","7":"has-post-title","8":"has-post-date","9":"has-post-category","10":"has-post-tag","11":"has-post-comment","12":"has-post-author","13":"","14":"fullcover","16":"first","17":"instock","18":"taxable","19":"shipping-taxable","20":"purchasable","21":"product-type-simple"},"jetpack_sharing_enabled":true,"builder_content":"","_links":{"self":[{"href":"https:\/\/fittingsgo.com\/fr\/wp-json\/wp\/v2\/product\/17873","targetHints":{"allow":["GET"]}}],"collection":[{"href":"https:\/\/fittingsgo.com\/fr\/wp-json\/wp\/v2\/product"}],"about":[{"href":"https:\/\/fittingsgo.com\/fr\/wp-json\/wp\/v2\/types\/product"}],"replies":[{"embeddable":true,"href":"https:\/\/fittingsgo.com\/fr\/wp-json\/wp\/v2\/comments?post=17873"}],"wp:featuredmedia":[{"embeddable":true,"href":"https:\/\/fittingsgo.com\/fr\/wp-json\/wp\/v2\/media\/17872"}],"wp:attachment":[{"href":"https:\/\/fittingsgo.com\/fr\/wp-json\/wp\/v2\/media?parent=17873"}],"wp:term":[{"taxonomy":"product_brand","embeddable":true,"href":"https:\/\/fittingsgo.com\/fr\/wp-json\/wp\/v2\/product_brand?post=17873"},{"taxonomy":"product_cat","embeddable":true,"href":"https:\/\/fittingsgo.com\/fr\/wp-json\/wp\/v2\/product_cat?post=17873"},{"taxonomy":"product_tag","embeddable":true,"href":"https:\/\/fittingsgo.com\/fr\/wp-json\/wp\/v2\/product_tag?post=17873"}],"curies":[{"name":"wp","href":"https:\/\/api.w.org\/{rel}","templated":true}]}}