{"id":17867,"date":"2020-10-18T20:26:44","date_gmt":"2020-10-19T01:26:44","guid":{"rendered":"https:\/\/fittingsgo.com\/product\/liqui-moly-0w20-specifications-japonais-coreen-et-americain-2\/"},"modified":"2020-10-18T20:29:17","modified_gmt":"2020-10-19T01:29:17","slug":"liqui-moly-0w20-specifications-japonais-coreen-et-americain-2","status":"publish","type":"product","link":"https:\/\/fittingsgo.com\/fr\/produit\/liqui-moly-0w20-specifications-japonais-coreen-et-americain-2\/","title":{"rendered":"Liqui Moly 0W20 sp\u00e9cifications japonais, cor\u00e9en et am\u00e9ricain"},"content":{"rendered":"<p>LM20436, LM20438<\/p>\n<div id=\"themify_builder_content-17867\" data-postid=\"17867\" class=\"themify_builder_content themify_builder_content-17867 themify_builder\">\n    <\/div>\n<!-- \/themify_builder_content -->\n","protected":false},"excerpt":{"rendered":"<p>MOLYGEN NEW GENERATION SAE 0W-20<br \/>\nSp\u00e9cialit\u00e9 LIQUI MOLY enti\u00e8rement synth\u00e9tique avec une technologie additive unique. La puissante technologie MFC (Molecular Friction Control) emp\u00eache la formation de d\u00e9p\u00f4ts tout en r\u00e9duisant simultan\u00e9ment les pertes par frottement. L&#8217;effet synergique offre une protection optimale contre l&#8217;usure, m\u00eame dans des conditions de fonctionnement difficiles. Une consommation de carburant am\u00e9lior\u00e9e et une dur\u00e9e de vie accrue du moteur sont quelques-uns des r\u00e9sultats finaux. La couleur verte fluorescente des huiles est typique de la formulation MFC.<br \/>\nCOMPL\u00c8TEMENT SYNTH\u00c9TIQUE<br \/>\nFABRIQU\u00c9 EN ALLEMAGNE<\/p>\n","protected":false},"featured_media":17866,"comment_status":"open","ping_status":"closed","template":"","meta":[],"product_brand":[],"product_cat":[320],"product_tag":[],"class_list":{"0":"post-17867","1":"product","2":"type-product","3":"status-publish","4":"has-post-thumbnail","6":"product_cat-huile-de-moteur","7":"has-post-title","8":"has-post-date","9":"has-post-category","10":"has-post-tag","11":"has-post-comment","12":"has-post-author","13":"","14":"fullcover","16":"first","17":"instock","18":"taxable","19":"shipping-taxable","20":"purchasable","21":"product-type-variable"},"jetpack_sharing_enabled":true,"builder_content":"","_links":{"self":[{"href":"https:\/\/fittingsgo.com\/fr\/wp-json\/wp\/v2\/product\/17867","targetHints":{"allow":["GET"]}}],"collection":[{"href":"https:\/\/fittingsgo.com\/fr\/wp-json\/wp\/v2\/product"}],"about":[{"href":"https:\/\/fittingsgo.com\/fr\/wp-json\/wp\/v2\/types\/product"}],"replies":[{"embeddable":true,"href":"https:\/\/fittingsgo.com\/fr\/wp-json\/wp\/v2\/comments?post=17867"}],"wp:featuredmedia":[{"embeddable":true,"href":"https:\/\/fittingsgo.com\/fr\/wp-json\/wp\/v2\/media\/17866"}],"wp:attachment":[{"href":"https:\/\/fittingsgo.com\/fr\/wp-json\/wp\/v2\/media?parent=17867"}],"wp:term":[{"taxonomy":"product_brand","embeddable":true,"href":"https:\/\/fittingsgo.com\/fr\/wp-json\/wp\/v2\/product_brand?post=17867"},{"taxonomy":"product_cat","embeddable":true,"href":"https:\/\/fittingsgo.com\/fr\/wp-json\/wp\/v2\/product_cat?post=17867"},{"taxonomy":"product_tag","embeddable":true,"href":"https:\/\/fittingsgo.com\/fr\/wp-json\/wp\/v2\/product_tag?post=17867"}],"curies":[{"name":"wp","href":"https:\/\/api.w.org\/{rel}","templated":true}]}}