{"id":17857,"date":"2020-10-17T22:00:06","date_gmt":"2020-10-18T03:00:06","guid":{"rendered":"https:\/\/fittingsgo.com\/product\/nite-shades-de-vht\/"},"modified":"2020-10-17T22:02:00","modified_gmt":"2020-10-18T03:02:00","slug":"nite-shades-de-vht","status":"publish","type":"product","link":"https:\/\/fittingsgo.com\/fr\/produit\/nite-shades-de-vht\/","title":{"rendered":"Nite-Shades de VHT"},"content":{"rendered":"<p>CSP888, CSP999<\/p>\n<div id=\"themify_builder_content-17857\" data-postid=\"17857\" class=\"themify_builder_content themify_builder_content-17857 themify_builder\">\n    <\/div>\n<!-- \/themify_builder_content -->\n","protected":false},"excerpt":{"rendered":"<p>VHT Nite-Shades est un rev\u00eatement de lentille de feu arri\u00e8re transparent pour cr\u00e9er une route europ\u00e9enne personnalis\u00e9e<br \/>\ncoiffant. Lorsqu&#8217;il est appliqu\u00e9 aux feux arri\u00e8re, aux antibrouillards ou aux clignotants, les VHT Nite-Shades apparaissent en noir \/ rouge jusqu&#8217;\u00e0 ce qu&#8217;ils soient allum\u00e9s, puis la couleur rouge \/ claire naturelle appara\u00eet.<br \/>\nRecommand\u00e9 pour<br \/>\nutilisation hors route.<br \/>\n283g peut<br \/>\nFabriqu\u00e9 par Dupli Color<\/p>\n","protected":false},"featured_media":17856,"comment_status":"open","ping_status":"closed","template":"","meta":[],"product_brand":[],"product_cat":[326],"product_tag":[],"class_list":{"0":"post-17857","1":"product","2":"type-product","3":"status-publish","4":"has-post-thumbnail","6":"product_cat-peintures-apprets-etc","7":"has-post-title","8":"has-post-date","9":"has-post-category","10":"has-post-tag","11":"has-post-comment","12":"has-post-author","13":"","14":"fullcover","16":"first","17":"instock","18":"taxable","19":"shipping-taxable","20":"purchasable","21":"product-type-variable"},"jetpack_sharing_enabled":true,"builder_content":"","_links":{"self":[{"href":"https:\/\/fittingsgo.com\/fr\/wp-json\/wp\/v2\/product\/17857","targetHints":{"allow":["GET"]}}],"collection":[{"href":"https:\/\/fittingsgo.com\/fr\/wp-json\/wp\/v2\/product"}],"about":[{"href":"https:\/\/fittingsgo.com\/fr\/wp-json\/wp\/v2\/types\/product"}],"replies":[{"embeddable":true,"href":"https:\/\/fittingsgo.com\/fr\/wp-json\/wp\/v2\/comments?post=17857"}],"wp:featuredmedia":[{"embeddable":true,"href":"https:\/\/fittingsgo.com\/fr\/wp-json\/wp\/v2\/media\/17856"}],"wp:attachment":[{"href":"https:\/\/fittingsgo.com\/fr\/wp-json\/wp\/v2\/media?parent=17857"}],"wp:term":[{"taxonomy":"product_brand","embeddable":true,"href":"https:\/\/fittingsgo.com\/fr\/wp-json\/wp\/v2\/product_brand?post=17857"},{"taxonomy":"product_cat","embeddable":true,"href":"https:\/\/fittingsgo.com\/fr\/wp-json\/wp\/v2\/product_cat?post=17857"},{"taxonomy":"product_tag","embeddable":true,"href":"https:\/\/fittingsgo.com\/fr\/wp-json\/wp\/v2\/product_tag?post=17857"}],"curies":[{"name":"wp","href":"https:\/\/api.w.org\/{rel}","templated":true}]}}