{"id":17785,"date":"2020-10-16T21:10:32","date_gmt":"2020-10-17T02:10:32","guid":{"rendered":"https:\/\/fittingsgo.com\/product\/menuisiers-en-aluminium-avec-extremites-laminees\/"},"modified":"2020-10-16T21:15:07","modified_gmt":"2020-10-17T02:15:07","slug":"menuisiers-en-aluminium-avec-extremites-laminees","status":"publish","type":"product","link":"https:\/\/fittingsgo.com\/fr\/produit\/menuisiers-en-aluminium-avec-extremites-laminees\/","title":{"rendered":"Menuisiers en aluminium avec extr\u00e9mit\u00e9s lamin\u00e9es"},"content":{"rendered":"<p>12046, 12047, 12049, 12048, 12050, 12051, 12052, 12053, 12054, 12057, 12055, 12056<\/p>\n<div id=\"themify_builder_content-17785\" data-postid=\"17785\" class=\"themify_builder_content themify_builder_content-17785 themify_builder\">\n    <\/div>\n<!-- \/themify_builder_content -->\n","protected":false},"excerpt":{"rendered":"<p>Fini poli miroir<br \/>\n3 po de long<br \/>\nFabriqu\u00e9 par Vibrant<\/p>\n","protected":false},"featured_media":17782,"comment_status":"open","ping_status":"closed","template":"","meta":[],"product_brand":[],"product_cat":[635],"product_tag":[],"class_list":{"0":"post-17785","1":"product","2":"type-product","3":"status-publish","4":"has-post-thumbnail","6":"product_cat-filtres-a-air-coupleurs-et-tuyau-a-vacuum","7":"has-post-title","8":"has-post-date","9":"has-post-category","10":"has-post-tag","11":"has-post-comment","12":"has-post-author","13":"","14":"fullcover","16":"first","17":"instock","18":"taxable","19":"shipping-taxable","20":"purchasable","21":"product-type-variable"},"jetpack_sharing_enabled":true,"builder_content":"","_links":{"self":[{"href":"https:\/\/fittingsgo.com\/fr\/wp-json\/wp\/v2\/product\/17785","targetHints":{"allow":["GET"]}}],"collection":[{"href":"https:\/\/fittingsgo.com\/fr\/wp-json\/wp\/v2\/product"}],"about":[{"href":"https:\/\/fittingsgo.com\/fr\/wp-json\/wp\/v2\/types\/product"}],"replies":[{"embeddable":true,"href":"https:\/\/fittingsgo.com\/fr\/wp-json\/wp\/v2\/comments?post=17785"}],"wp:featuredmedia":[{"embeddable":true,"href":"https:\/\/fittingsgo.com\/fr\/wp-json\/wp\/v2\/media\/17782"}],"wp:attachment":[{"href":"https:\/\/fittingsgo.com\/fr\/wp-json\/wp\/v2\/media?parent=17785"}],"wp:term":[{"taxonomy":"product_brand","embeddable":true,"href":"https:\/\/fittingsgo.com\/fr\/wp-json\/wp\/v2\/product_brand?post=17785"},{"taxonomy":"product_cat","embeddable":true,"href":"https:\/\/fittingsgo.com\/fr\/wp-json\/wp\/v2\/product_cat?post=17785"},{"taxonomy":"product_tag","embeddable":true,"href":"https:\/\/fittingsgo.com\/fr\/wp-json\/wp\/v2\/product_tag?post=17785"}],"curies":[{"name":"wp","href":"https:\/\/api.w.org\/{rel}","templated":true}]}}