{"id":17753,"date":"2020-10-16T20:35:34","date_gmt":"2020-10-17T01:35:34","guid":{"rendered":"https:\/\/fittingsgo.com\/product\/lunettes-de-protection-teinte-5\/"},"modified":"2020-10-16T20:37:35","modified_gmt":"2020-10-17T01:37:35","slug":"lunettes-de-protection-teinte-5","status":"publish","type":"product","link":"https:\/\/fittingsgo.com\/fr\/produit\/lunettes-de-protection-teinte-5\/","title":{"rendered":"Lunettes de protection teinte 5"},"content":{"rendered":"<p>Conforme aux normes ANSI Z87.1 et CSA Z94.3<\/p>\n<p>1423-4181, 14234181<\/p>\n<div id=\"themify_builder_content-17753\" data-postid=\"17753\" class=\"themify_builder_content themify_builder_content-17753 themify_builder\">\n    <\/div>\n<!-- \/themify_builder_content -->\n","protected":false},"excerpt":{"rendered":"<p>&#8211; Les embouts de bras en caoutchouc assurent confort et utilisation antid\u00e9rapante;<br \/>\n&#8211; Les montures ultra-l\u00e9g\u00e8res permettent une protection confortable et de longues heures de portabilit\u00e9<br \/>\n&#8211; Lentille en polycarbonate \u00e0 rev\u00eatement dur;<br \/>\n&#8211; \u00c9limine 99,9% de la lumi\u00e8re ultraviolette<br \/>\n&#8211; Les bras inclinables permettent une meilleure protection contre les \u00e9tincelles et les d\u00e9bris au-dessus et en dessous des yeux;<br \/>\n&#8211; La monture profil\u00e9e et le pont de nez int\u00e9gr\u00e9 s&#8217;adaptent \u00e0 toutes les formes de visage<br \/>\nFabriqu\u00e9 par Firepower<\/p>\n","protected":false},"featured_media":17750,"comment_status":"open","ping_status":"closed","template":"","meta":[],"product_brand":[],"product_cat":[518],"product_tag":[],"class_list":{"0":"post-17753","1":"product","2":"type-product","3":"status-publish","4":"has-post-thumbnail","6":"product_cat-outils-de-soudage","7":"has-post-title","8":"has-post-date","9":"has-post-category","10":"has-post-tag","11":"has-post-comment","12":"has-post-author","13":"","14":"fullcover","16":"first","17":"instock","18":"taxable","19":"shipping-taxable","20":"purchasable","21":"product-type-simple"},"jetpack_sharing_enabled":true,"builder_content":"","_links":{"self":[{"href":"https:\/\/fittingsgo.com\/fr\/wp-json\/wp\/v2\/product\/17753","targetHints":{"allow":["GET"]}}],"collection":[{"href":"https:\/\/fittingsgo.com\/fr\/wp-json\/wp\/v2\/product"}],"about":[{"href":"https:\/\/fittingsgo.com\/fr\/wp-json\/wp\/v2\/types\/product"}],"replies":[{"embeddable":true,"href":"https:\/\/fittingsgo.com\/fr\/wp-json\/wp\/v2\/comments?post=17753"}],"wp:featuredmedia":[{"embeddable":true,"href":"https:\/\/fittingsgo.com\/fr\/wp-json\/wp\/v2\/media\/17750"}],"wp:attachment":[{"href":"https:\/\/fittingsgo.com\/fr\/wp-json\/wp\/v2\/media?parent=17753"}],"wp:term":[{"taxonomy":"product_brand","embeddable":true,"href":"https:\/\/fittingsgo.com\/fr\/wp-json\/wp\/v2\/product_brand?post=17753"},{"taxonomy":"product_cat","embeddable":true,"href":"https:\/\/fittingsgo.com\/fr\/wp-json\/wp\/v2\/product_cat?post=17753"},{"taxonomy":"product_tag","embeddable":true,"href":"https:\/\/fittingsgo.com\/fr\/wp-json\/wp\/v2\/product_tag?post=17753"}],"curies":[{"name":"wp","href":"https:\/\/api.w.org\/{rel}","templated":true}]}}