{"id":17656,"date":"2020-10-14T22:05:53","date_gmt":"2020-10-15T03:05:53","guid":{"rendered":"https:\/\/fittingsgo.com\/product\/tampons-a-recurer-non-tisse\/"},"modified":"2023-05-25T12:10:03","modified_gmt":"2023-05-25T17:10:03","slug":"tampons-a-recurer-non-tisse","status":"publish","type":"product","link":"https:\/\/fittingsgo.com\/fr\/produit\/tampons-a-recurer-non-tisse\/","title":{"rendered":"Tampons \u00e0 r\u00e9curer non-tiss\u00e9"},"content":{"rendered":"<p>47-AP69M, 47AP69M, M18111447, M18-111-447<\/p>\n<div id=\"themify_builder_content-17656\" data-postid=\"17656\" class=\"themify_builder_content themify_builder_content-17656 themify_builder\">\n    <\/div>\n<!-- \/themify_builder_content -->\n","protected":false},"excerpt":{"rendered":"<p>Usage g\u00e9n\u00e9ral<br \/>\n6 po x 9 po<br \/>\nFabriqu\u00e9 par Mirka<\/p>\n","protected":false},"featured_media":17655,"comment_status":"open","ping_status":"closed","template":"","meta":[],"product_brand":[],"product_cat":[453],"product_tag":[],"class_list":{"0":"post-17656","1":"product","2":"type-product","3":"status-publish","4":"has-post-thumbnail","6":"product_cat-patins-de-poncage-et-accessoires","7":"has-post-title","8":"has-post-date","9":"has-post-category","10":"has-post-tag","11":"has-post-comment","12":"has-post-author","13":"","14":"fullcover","16":"first","17":"instock","18":"taxable","19":"shipping-taxable","20":"purchasable","21":"product-type-variable"},"jetpack_sharing_enabled":true,"builder_content":"","_links":{"self":[{"href":"https:\/\/fittingsgo.com\/fr\/wp-json\/wp\/v2\/product\/17656","targetHints":{"allow":["GET"]}}],"collection":[{"href":"https:\/\/fittingsgo.com\/fr\/wp-json\/wp\/v2\/product"}],"about":[{"href":"https:\/\/fittingsgo.com\/fr\/wp-json\/wp\/v2\/types\/product"}],"replies":[{"embeddable":true,"href":"https:\/\/fittingsgo.com\/fr\/wp-json\/wp\/v2\/comments?post=17656"}],"wp:featuredmedia":[{"embeddable":true,"href":"https:\/\/fittingsgo.com\/fr\/wp-json\/wp\/v2\/media\/17655"}],"wp:attachment":[{"href":"https:\/\/fittingsgo.com\/fr\/wp-json\/wp\/v2\/media?parent=17656"}],"wp:term":[{"taxonomy":"product_brand","embeddable":true,"href":"https:\/\/fittingsgo.com\/fr\/wp-json\/wp\/v2\/product_brand?post=17656"},{"taxonomy":"product_cat","embeddable":true,"href":"https:\/\/fittingsgo.com\/fr\/wp-json\/wp\/v2\/product_cat?post=17656"},{"taxonomy":"product_tag","embeddable":true,"href":"https:\/\/fittingsgo.com\/fr\/wp-json\/wp\/v2\/product_tag?post=17656"}],"curies":[{"name":"wp","href":"https:\/\/api.w.org\/{rel}","templated":true}]}}