{"id":17648,"date":"2020-10-14T21:56:10","date_gmt":"2020-10-15T02:56:10","guid":{"rendered":"https:\/\/fittingsgo.com\/product\/adaptateur-de-roue-avec-systeme-de-verrouillage-a-vis-de-tige\/"},"modified":"2020-10-14T21:57:58","modified_gmt":"2020-10-15T02:57:58","slug":"adaptateur-de-roue-avec-systeme-de-verrouillage-a-vis-de-tige","status":"publish","type":"product","link":"https:\/\/fittingsgo.com\/fr\/produit\/adaptateur-de-roue-avec-systeme-de-verrouillage-a-vis-de-tige\/","title":{"rendered":"Adaptateur de roue avec syst\u00e8me de verrouillage \u00e0 vis de tige"},"content":{"rendered":"<p>599021, 599024<\/p>\n<div id=\"themify_builder_content-17648\" data-postid=\"17648\" class=\"themify_builder_content themify_builder_content-17648 themify_builder\">\n    <\/div>\n<!-- \/themify_builder_content -->\n","protected":false},"excerpt":{"rendered":"<p>&#8211; Pour fixer les petites meules \u00e0 tron\u00e7onner sur les meuleuses et les outils de tron\u00e7onnage<br \/>\n&#8211; Syst\u00e8me de verrouillage \u00e0 vis fendue facile \u00e0 utiliser pour un changement de roue rapide<br \/>\n&#8211; Con\u00e7u pour permettre un acc\u00e8s facile dans les zones difficiles d&#8217;acc\u00e8s<br \/>\n&#8211; Fini oxyde noir antirouille<br \/>\nFabriqu\u00e9 par Jet Surewerx<\/p>\n","protected":false},"featured_media":17647,"comment_status":"open","ping_status":"closed","template":"","meta":[],"product_brand":[],"product_cat":[453],"product_tag":[],"class_list":{"0":"post-17648","1":"product","2":"type-product","3":"status-publish","4":"has-post-thumbnail","6":"product_cat-patins-de-poncage-et-accessoires","7":"has-post-title","8":"has-post-date","9":"has-post-category","10":"has-post-tag","11":"has-post-comment","12":"has-post-author","13":"","14":"fullcover","16":"first","17":"instock","18":"taxable","19":"shipping-taxable","20":"purchasable","21":"product-type-variable"},"jetpack_sharing_enabled":true,"builder_content":"","_links":{"self":[{"href":"https:\/\/fittingsgo.com\/fr\/wp-json\/wp\/v2\/product\/17648","targetHints":{"allow":["GET"]}}],"collection":[{"href":"https:\/\/fittingsgo.com\/fr\/wp-json\/wp\/v2\/product"}],"about":[{"href":"https:\/\/fittingsgo.com\/fr\/wp-json\/wp\/v2\/types\/product"}],"replies":[{"embeddable":true,"href":"https:\/\/fittingsgo.com\/fr\/wp-json\/wp\/v2\/comments?post=17648"}],"wp:featuredmedia":[{"embeddable":true,"href":"https:\/\/fittingsgo.com\/fr\/wp-json\/wp\/v2\/media\/17647"}],"wp:attachment":[{"href":"https:\/\/fittingsgo.com\/fr\/wp-json\/wp\/v2\/media?parent=17648"}],"wp:term":[{"taxonomy":"product_brand","embeddable":true,"href":"https:\/\/fittingsgo.com\/fr\/wp-json\/wp\/v2\/product_brand?post=17648"},{"taxonomy":"product_cat","embeddable":true,"href":"https:\/\/fittingsgo.com\/fr\/wp-json\/wp\/v2\/product_cat?post=17648"},{"taxonomy":"product_tag","embeddable":true,"href":"https:\/\/fittingsgo.com\/fr\/wp-json\/wp\/v2\/product_tag?post=17648"}],"curies":[{"name":"wp","href":"https:\/\/api.w.org\/{rel}","templated":true}]}}