{"id":17638,"date":"2020-10-14T21:39:17","date_gmt":"2020-10-15T02:39:17","guid":{"rendered":"https:\/\/fittingsgo.com\/product\/disque-a-lamelles-enduro-flex-4-1-2-po\/"},"modified":"2020-10-14T21:42:49","modified_gmt":"2020-10-15T02:42:49","slug":"disque-a-lamelles-enduro-flex-4-1-2-po","status":"publish","type":"product","link":"https:\/\/fittingsgo.com\/fr\/produit\/disque-a-lamelles-enduro-flex-4-1-2-po\/","title":{"rendered":"Disque \u00e0 lamelles \u00abEnduro-Flex\u00bb 4-1\/2 po"},"content":{"rendered":"<p>Les disques de finition en une \u00e9tape ENDURO-FLEX r\u00e9pondent non seulement, mais surpassent les d\u00e9fis auxquels l&#8217;industrie de la fabrication et de la finition des m\u00e9taux est confront\u00e9e au quotidien. Avec le nouveau grain de zirconium ultra tranchant et raffin\u00e9, le disque de finition ENDURO-FLEX restera plus tranchant plus longtemps tout en \u00e9liminant plus de mati\u00e8re plus rapidement. De plus, une couche de finition sp\u00e9ciale refroidit et lubrifie en continu le disque pour un meulage et un pon\u00e7age doux et sans vibrations du d\u00e9but \u00e0 la fin. De plus, il n&#8217;est pas n\u00e9cessaire de jeter le disque lorsque le porte-\u00e0-faux du volet est us\u00e9 jusqu&#8217;au support car le disque ENDURO-FLEX peut \u00eatre restaur\u00e9 \u00e0 des performances comme neuves en r\u00e9duisant le diam\u00e8tre du support ECO-TRIM.<\/p>\n<p>15-R 454, 15-R 456, 15-R 458, 15-R 462, 15R454, 15R456, 15R458, 15R462<\/p>\n<div id=\"themify_builder_content-17638\" data-postid=\"17638\" class=\"themify_builder_content themify_builder_content-17638 themify_builder\">\n    <\/div>\n<!-- \/themify_builder_content -->\n","protected":false},"excerpt":{"rendered":"<p>&#8211; Solution de finition en une \u00e9tape pour r\u00e9duire les co\u00fbts<br \/>\n&#8211; Meulage silencieux et sans vibrations<br \/>\n&#8211; Le moyeu sur\u00e9lev\u00e9 s&#8217;adapte \u00e0 toutes les brides arri\u00e8re standard<br \/>\n&#8211; Avec filetage int\u00e9gr\u00e9 5\/8 po &#8211; 11<br \/>\n&#8211; Le support ajustable Eco-Trim prolonge la dur\u00e9e de vie du disque jusqu&#8217;\u00e0 3 fois<br \/>\n&#8211; S\u00fbr et facile \u00e0 couper<br \/>\nTonnelle: 7\/8 po<br \/>\nVendus s\u00e9par\u00e9ment<br \/>\nFabriqu\u00e9 par Walter<\/p>\n","protected":false},"featured_media":17637,"comment_status":"open","ping_status":"closed","template":"","meta":[],"product_brand":[],"product_cat":[453],"product_tag":[],"class_list":{"0":"post-17638","1":"product","2":"type-product","3":"status-publish","4":"has-post-thumbnail","6":"product_cat-patins-de-poncage-et-accessoires","7":"has-post-title","8":"has-post-date","9":"has-post-category","10":"has-post-tag","11":"has-post-comment","12":"has-post-author","13":"","14":"fullcover","16":"first","17":"instock","18":"taxable","19":"shipping-taxable","20":"purchasable","21":"product-type-variable"},"jetpack_sharing_enabled":true,"builder_content":"","_links":{"self":[{"href":"https:\/\/fittingsgo.com\/fr\/wp-json\/wp\/v2\/product\/17638","targetHints":{"allow":["GET"]}}],"collection":[{"href":"https:\/\/fittingsgo.com\/fr\/wp-json\/wp\/v2\/product"}],"about":[{"href":"https:\/\/fittingsgo.com\/fr\/wp-json\/wp\/v2\/types\/product"}],"replies":[{"embeddable":true,"href":"https:\/\/fittingsgo.com\/fr\/wp-json\/wp\/v2\/comments?post=17638"}],"wp:featuredmedia":[{"embeddable":true,"href":"https:\/\/fittingsgo.com\/fr\/wp-json\/wp\/v2\/media\/17637"}],"wp:attachment":[{"href":"https:\/\/fittingsgo.com\/fr\/wp-json\/wp\/v2\/media?parent=17638"}],"wp:term":[{"taxonomy":"product_brand","embeddable":true,"href":"https:\/\/fittingsgo.com\/fr\/wp-json\/wp\/v2\/product_brand?post=17638"},{"taxonomy":"product_cat","embeddable":true,"href":"https:\/\/fittingsgo.com\/fr\/wp-json\/wp\/v2\/product_cat?post=17638"},{"taxonomy":"product_tag","embeddable":true,"href":"https:\/\/fittingsgo.com\/fr\/wp-json\/wp\/v2\/product_tag?post=17638"}],"curies":[{"name":"wp","href":"https:\/\/api.w.org\/{rel}","templated":true}]}}