{"id":17485,"date":"2020-07-29T22:11:58","date_gmt":"2020-07-30T03:11:58","guid":{"rendered":"https:\/\/fittingsgo.com\/product\/roulements-a-billes-a-une-rangee\/"},"modified":"2020-09-07T22:04:46","modified_gmt":"2020-09-08T03:04:46","slug":"roulements-a-billes-a-une-rangee","status":"publish","type":"product","link":"https:\/\/fittingsgo.com\/fr\/produit\/roulements-a-billes-a-une-rangee\/","title":{"rendered":"Roulements \u00e0 billes \u00e0 une rang\u00e9e"},"content":{"rendered":"<p>60002RSJ, 60012RSJ, 60022RSJ, 60032RSJ, 60042RSJ, 60052RSJ, 60062RSJ, 60072RSJ, 60082RSJ, 60092RSJ, 60102RSJ,<br \/>\n62002RSJ, 62012RSJ, 62022RSJ, 62032RSJ, 62042RSJ, 62052RSJ, 62062RSJ, 62072RSJ, 62082RSJ, 62092RSJ, 62102RSJ,<br \/>\n63022RSJ, 63032RSJ, 63042RSJ, 63052RSJ, 63062RSJ, 63072RSJ, 63082RSJ, 63092RSJ, 63102RSJ<\/p>\n<div id=\"themify_builder_content-17485\" data-postid=\"17485\" class=\"themify_builder_content themify_builder_content-17485 themify_builder\">\n    <\/div>\n<!-- \/themify_builder_content -->\n","protected":false},"excerpt":{"rendered":"<p>Roulements \u00e0 billes \u00e0 une rang\u00e9e et \u00e0 double \u00e9tanch\u00e9it\u00e9.<br \/>\nFabriqu\u00e9 par SKF<\/p>\n","protected":false},"featured_media":17392,"comment_status":"open","ping_status":"closed","template":"","meta":[],"product_brand":[],"product_cat":[691],"product_tag":[],"class_list":{"0":"post-17485","1":"product","2":"type-product","3":"status-publish","4":"has-post-thumbnail","6":"product_cat-roulements-et-deflecteurs-a-graisse","7":"has-post-title","8":"has-post-date","9":"has-post-category","10":"has-post-tag","11":"has-post-comment","12":"has-post-author","13":"","14":"fullcover","16":"first","17":"instock","18":"taxable","19":"shipping-taxable","20":"purchasable","21":"product-type-variable"},"jetpack_sharing_enabled":true,"builder_content":"","_links":{"self":[{"href":"https:\/\/fittingsgo.com\/fr\/wp-json\/wp\/v2\/product\/17485","targetHints":{"allow":["GET"]}}],"collection":[{"href":"https:\/\/fittingsgo.com\/fr\/wp-json\/wp\/v2\/product"}],"about":[{"href":"https:\/\/fittingsgo.com\/fr\/wp-json\/wp\/v2\/types\/product"}],"replies":[{"embeddable":true,"href":"https:\/\/fittingsgo.com\/fr\/wp-json\/wp\/v2\/comments?post=17485"}],"wp:featuredmedia":[{"embeddable":true,"href":"https:\/\/fittingsgo.com\/fr\/wp-json\/wp\/v2\/media\/17392"}],"wp:attachment":[{"href":"https:\/\/fittingsgo.com\/fr\/wp-json\/wp\/v2\/media?parent=17485"}],"wp:term":[{"taxonomy":"product_brand","embeddable":true,"href":"https:\/\/fittingsgo.com\/fr\/wp-json\/wp\/v2\/product_brand?post=17485"},{"taxonomy":"product_cat","embeddable":true,"href":"https:\/\/fittingsgo.com\/fr\/wp-json\/wp\/v2\/product_cat?post=17485"},{"taxonomy":"product_tag","embeddable":true,"href":"https:\/\/fittingsgo.com\/fr\/wp-json\/wp\/v2\/product_tag?post=17485"}],"curies":[{"name":"wp","href":"https:\/\/api.w.org\/{rel}","templated":true}]}}