{"id":17337,"date":"2020-07-02T22:42:44","date_gmt":"2020-07-03T03:42:44","guid":{"rendered":"https:\/\/fittingsgo.com\/product\/nettoyant-pour-injection-de-carburant-jectron-de-liqui-moly\/"},"modified":"2020-07-02T22:45:55","modified_gmt":"2020-07-03T03:45:55","slug":"nettoyant-pour-injection-de-carburant-jectron-de-liqui-moly","status":"publish","type":"product","link":"https:\/\/fittingsgo.com\/fr\/produit\/nettoyant-pour-injection-de-carburant-jectron-de-liqui-moly\/","title":{"rendered":"Nettoyant pour injection de carburant Jectron de Liqui Moly"},"content":{"rendered":"<p>Une utilisation r\u00e9guli\u00e8re maintient le syst\u00e8me d&#8217;injection en parfait \u00e9tat de fonctionnement. Ajouter le contenu au r\u00e9servoir de carburant et r\u00e9p\u00e9ter tous les 2 000 km (1 200 miles) ou au besoin. Convient \u00e0 tous les moteurs \u00e0 essence. Un bidon de 300 ml suffit pour jusqu&#8217;\u00e0 75 litres (20 gal.) De carburant.<\/p>\n<p>LM2007, LM7711<\/p>\n<div id=\"themify_builder_content-17337\" data-postid=\"17337\" class=\"themify_builder_content themify_builder_content-17337 themify_builder\">\n    <\/div>\n<!-- \/themify_builder_content -->\n","protected":false},"excerpt":{"rendered":"<p>Jectron a \u00e9t\u00e9 d\u00e9velopp\u00e9 pour nettoyer et entretenir les circuits de carburant des moteurs \u00e0 essence \u00e0 injection ou carburation. Jectron restaurera les performances et am\u00e9liorera la r\u00e9ponse de l&#8217;acc\u00e9l\u00e9rateur tout en am\u00e9liorant les \u00e9missions. Les mod\u00e8les de pulv\u00e9risation des injecteurs sont restaur\u00e9s pour une meilleure atomisation du carburant et une meilleure consommation de gaz. Une utilisation r\u00e9guli\u00e8re prot\u00e8ge le syst\u00e8me d&#8217;alimentation contre les d\u00e9p\u00f4ts et la corrosion.<br \/>\n300 ml<br \/>\nFabriqu\u00e9 par Liqui Moly<\/p>\n","protected":false},"featured_media":17336,"comment_status":"open","ping_status":"closed","template":"","meta":[],"product_brand":[],"product_cat":[267],"product_tag":[],"class_list":{"0":"post-17337","1":"product","2":"type-product","3":"status-publish","4":"has-post-thumbnail","6":"product_cat-additifs-essence","7":"has-post-title","8":"has-post-date","9":"has-post-category","10":"has-post-tag","11":"has-post-comment","12":"has-post-author","13":"","14":"fullcover","16":"first","17":"instock","18":"taxable","19":"shipping-taxable","20":"purchasable","21":"product-type-simple"},"jetpack_sharing_enabled":true,"builder_content":"","_links":{"self":[{"href":"https:\/\/fittingsgo.com\/fr\/wp-json\/wp\/v2\/product\/17337","targetHints":{"allow":["GET"]}}],"collection":[{"href":"https:\/\/fittingsgo.com\/fr\/wp-json\/wp\/v2\/product"}],"about":[{"href":"https:\/\/fittingsgo.com\/fr\/wp-json\/wp\/v2\/types\/product"}],"replies":[{"embeddable":true,"href":"https:\/\/fittingsgo.com\/fr\/wp-json\/wp\/v2\/comments?post=17337"}],"wp:featuredmedia":[{"embeddable":true,"href":"https:\/\/fittingsgo.com\/fr\/wp-json\/wp\/v2\/media\/17336"}],"wp:attachment":[{"href":"https:\/\/fittingsgo.com\/fr\/wp-json\/wp\/v2\/media?parent=17337"}],"wp:term":[{"taxonomy":"product_brand","embeddable":true,"href":"https:\/\/fittingsgo.com\/fr\/wp-json\/wp\/v2\/product_brand?post=17337"},{"taxonomy":"product_cat","embeddable":true,"href":"https:\/\/fittingsgo.com\/fr\/wp-json\/wp\/v2\/product_cat?post=17337"},{"taxonomy":"product_tag","embeddable":true,"href":"https:\/\/fittingsgo.com\/fr\/wp-json\/wp\/v2\/product_tag?post=17337"}],"curies":[{"name":"wp","href":"https:\/\/api.w.org\/{rel}","templated":true}]}}