{"id":17286,"date":"2020-06-28T22:48:40","date_gmt":"2020-06-29T03:48:40","guid":{"rendered":"https:\/\/fittingsgo.com\/product\/kit-de-solution-de-tuyau-haute-temperature-dpfe-egr\/"},"modified":"2020-06-28T22:52:55","modified_gmt":"2020-06-29T03:52:55","slug":"kit-de-solution-de-tuyau-haute-temperature-dpfe-egr","status":"publish","type":"product","link":"https:\/\/fittingsgo.com\/fr\/produit\/kit-de-solution-de-tuyau-haute-temperature-dpfe-egr\/","title":{"rendered":"Kit de solution de tuyau haute temp\u00e9rature DPFE (EGR)"},"content":{"rendered":"<p>27079<\/p>\n<div id=\"themify_builder_content-17286\" data-postid=\"17286\" class=\"themify_builder_content themify_builder_content-17286 themify_builder\">\n    <\/div>\n<!-- \/themify_builder_content -->\n","protected":false},"excerpt":{"rendered":"<p>Tuyaux en caoutchouc de silicone sp\u00e9cialement formul\u00e9s con\u00e7us comme une solution aux d\u00e9faillances courantes en DPFE. La r\u00e9sistance \u00e9lev\u00e9e aux temp\u00e9ratures assure une longue dur\u00e9e de vie dans des environnements difficiles.<br \/>\n&#8211; Extr\u00eamement flexible et r\u00e9sistant aux plis.<br \/>\n&#8211; R\u00e9sout le probl\u00e8me de d\u00e9faillance commun sur les camions et VUS Ford \/ Lincoln \/ Mercury.<br \/>\n&#8211; Comprend deux sections de tuyaux afin que les deux puissent \u00eatre remplac\u00e9s en m\u00eame temps.<br \/>\n&#8211; 1 x 7\/32 po x 13 po<br \/>\n&#8211; 1 x 5\/32 po x 10 po<br \/>\nFabriqu\u00e9 par Gates<\/p>\n","protected":false},"featured_media":17285,"comment_status":"open","ping_status":"closed","template":"","meta":[],"product_brand":[],"product_cat":[635],"product_tag":[],"class_list":{"0":"post-17286","1":"product","2":"type-product","3":"status-publish","4":"has-post-thumbnail","6":"product_cat-filtres-a-air-coupleurs-et-tuyau-a-vacuum","7":"has-post-title","8":"has-post-date","9":"has-post-category","10":"has-post-tag","11":"has-post-comment","12":"has-post-author","13":"","14":"fullcover","16":"first","17":"instock","18":"taxable","19":"shipping-taxable","20":"purchasable","21":"product-type-simple"},"jetpack_sharing_enabled":true,"builder_content":"","_links":{"self":[{"href":"https:\/\/fittingsgo.com\/fr\/wp-json\/wp\/v2\/product\/17286","targetHints":{"allow":["GET"]}}],"collection":[{"href":"https:\/\/fittingsgo.com\/fr\/wp-json\/wp\/v2\/product"}],"about":[{"href":"https:\/\/fittingsgo.com\/fr\/wp-json\/wp\/v2\/types\/product"}],"replies":[{"embeddable":true,"href":"https:\/\/fittingsgo.com\/fr\/wp-json\/wp\/v2\/comments?post=17286"}],"wp:featuredmedia":[{"embeddable":true,"href":"https:\/\/fittingsgo.com\/fr\/wp-json\/wp\/v2\/media\/17285"}],"wp:attachment":[{"href":"https:\/\/fittingsgo.com\/fr\/wp-json\/wp\/v2\/media?parent=17286"}],"wp:term":[{"taxonomy":"product_brand","embeddable":true,"href":"https:\/\/fittingsgo.com\/fr\/wp-json\/wp\/v2\/product_brand?post=17286"},{"taxonomy":"product_cat","embeddable":true,"href":"https:\/\/fittingsgo.com\/fr\/wp-json\/wp\/v2\/product_cat?post=17286"},{"taxonomy":"product_tag","embeddable":true,"href":"https:\/\/fittingsgo.com\/fr\/wp-json\/wp\/v2\/product_tag?post=17286"}],"curies":[{"name":"wp","href":"https:\/\/api.w.org\/{rel}","templated":true}]}}