{"id":17272,"date":"2020-06-28T22:23:36","date_gmt":"2020-06-29T03:23:36","guid":{"rendered":"https:\/\/fittingsgo.com\/product\/bouchons-de-vis-de-purge-de-frein\/"},"modified":"2020-07-06T21:43:27","modified_gmt":"2020-07-07T02:43:27","slug":"bouchons-de-vis-de-purge-de-frein","status":"publish","type":"product","link":"https:\/\/fittingsgo.com\/fr\/produit\/bouchons-de-vis-de-purge-de-frein\/","title":{"rendered":"Bouchons de vis de purge de frein"},"content":{"rendered":"<p>13962<\/p>\n<div id=\"themify_builder_content-17272\" data-postid=\"17272\" class=\"themify_builder_content themify_builder_content-17272 themify_builder\">\n    <\/div>\n<!-- \/themify_builder_content -->\n","protected":false},"excerpt":{"rendered":"<p>&#8211; Remplace le bouchon \u00e0 vis de purge perdu ou us\u00e9<br \/>\n&#8211; Le capuchon \u00e0 pression permet de prot\u00e9ger la vis de purge de frein de la salet\u00e9 et de la corrosion<br \/>\n&#8211; De nouveaux capuchons garantissent que l&#8217;eau ne causera pas de rouille et de grippage<br \/>\n&#8211; Convient \u00e9galement \u00e0 une grande vari\u00e9t\u00e9 d&#8217;utilisations industrielles et commerciales<br \/>\nUn paquet de 2<br \/>\nFabriqu\u00e9 par Dorman<\/p>\n","protected":false},"featured_media":17269,"comment_status":"open","ping_status":"closed","template":"","meta":[],"product_brand":[],"product_cat":[216],"product_tag":[],"class_list":{"0":"post-17272","1":"product","2":"type-product","3":"status-publish","4":"has-post-thumbnail","6":"product_cat-vis-de-purge","7":"has-post-title","8":"has-post-date","9":"has-post-category","10":"has-post-tag","11":"has-post-comment","12":"has-post-author","13":"","14":"fullcover","16":"first","17":"instock","18":"taxable","19":"shipping-taxable","20":"purchasable","21":"product-type-simple"},"jetpack_sharing_enabled":true,"builder_content":"","_links":{"self":[{"href":"https:\/\/fittingsgo.com\/fr\/wp-json\/wp\/v2\/product\/17272","targetHints":{"allow":["GET"]}}],"collection":[{"href":"https:\/\/fittingsgo.com\/fr\/wp-json\/wp\/v2\/product"}],"about":[{"href":"https:\/\/fittingsgo.com\/fr\/wp-json\/wp\/v2\/types\/product"}],"replies":[{"embeddable":true,"href":"https:\/\/fittingsgo.com\/fr\/wp-json\/wp\/v2\/comments?post=17272"}],"wp:featuredmedia":[{"embeddable":true,"href":"https:\/\/fittingsgo.com\/fr\/wp-json\/wp\/v2\/media\/17269"}],"wp:attachment":[{"href":"https:\/\/fittingsgo.com\/fr\/wp-json\/wp\/v2\/media?parent=17272"}],"wp:term":[{"taxonomy":"product_brand","embeddable":true,"href":"https:\/\/fittingsgo.com\/fr\/wp-json\/wp\/v2\/product_brand?post=17272"},{"taxonomy":"product_cat","embeddable":true,"href":"https:\/\/fittingsgo.com\/fr\/wp-json\/wp\/v2\/product_cat?post=17272"},{"taxonomy":"product_tag","embeddable":true,"href":"https:\/\/fittingsgo.com\/fr\/wp-json\/wp\/v2\/product_tag?post=17272"}],"curies":[{"name":"wp","href":"https:\/\/api.w.org\/{rel}","templated":true}]}}