{"id":17262,"date":"2020-06-28T22:12:26","date_gmt":"2020-06-29T03:12:26","guid":{"rendered":"https:\/\/fittingsgo.com\/product\/kit-de-testeur-de-pression-de-carburant-par-otc\/"},"modified":"2020-06-28T22:12:26","modified_gmt":"2020-06-29T03:12:26","slug":"kit-de-testeur-de-pression-de-carburant-par-otc","status":"publish","type":"product","link":"https:\/\/fittingsgo.com\/fr\/produit\/kit-de-testeur-de-pression-de-carburant-par-otc\/","title":{"rendered":"Kit de testeur de pression de carburant par OTC"},"content":{"rendered":"<p>5630<\/p>\n<div id=\"themify_builder_content-17262\" data-postid=\"17262\" class=\"themify_builder_content themify_builder_content-17262 themify_builder\">\n    <\/div>\n<!-- \/themify_builder_content -->\n","protected":false},"excerpt":{"rendered":"<p>&#8211; Localisez rapidement et facilement tout composant d\u00e9fectueux du syst\u00e8me de carburant, y compris les filtres \u00e0 carburant, les r\u00e9gulateurs de pression, les conduites de carburant et les pompes \u00e0 carburant sans les retirer du v\u00e9hicule<br \/>\n&#8211; La jauge \u00e0 double \u00e9chelle lit 0-100 psi et 0-700 kPa<br \/>\nFabriqu\u00e9 par OTC<\/p>\n","protected":false},"featured_media":17261,"comment_status":"open","ping_status":"closed","template":"","meta":[],"product_brand":[],"product_cat":[339],"product_tag":[],"class_list":{"0":"post-17262","1":"product","2":"type-product","3":"status-publish","4":"has-post-thumbnail","6":"product_cat-outils-de-moteur-transmission","7":"has-post-title","8":"has-post-date","9":"has-post-category","10":"has-post-tag","11":"has-post-comment","12":"has-post-author","13":"","14":"fullcover","16":"first","17":"instock","18":"taxable","19":"shipping-taxable","20":"purchasable","21":"product-type-simple"},"jetpack_sharing_enabled":true,"builder_content":"","_links":{"self":[{"href":"https:\/\/fittingsgo.com\/fr\/wp-json\/wp\/v2\/product\/17262","targetHints":{"allow":["GET"]}}],"collection":[{"href":"https:\/\/fittingsgo.com\/fr\/wp-json\/wp\/v2\/product"}],"about":[{"href":"https:\/\/fittingsgo.com\/fr\/wp-json\/wp\/v2\/types\/product"}],"replies":[{"embeddable":true,"href":"https:\/\/fittingsgo.com\/fr\/wp-json\/wp\/v2\/comments?post=17262"}],"wp:featuredmedia":[{"embeddable":true,"href":"https:\/\/fittingsgo.com\/fr\/wp-json\/wp\/v2\/media\/17261"}],"wp:attachment":[{"href":"https:\/\/fittingsgo.com\/fr\/wp-json\/wp\/v2\/media?parent=17262"}],"wp:term":[{"taxonomy":"product_brand","embeddable":true,"href":"https:\/\/fittingsgo.com\/fr\/wp-json\/wp\/v2\/product_brand?post=17262"},{"taxonomy":"product_cat","embeddable":true,"href":"https:\/\/fittingsgo.com\/fr\/wp-json\/wp\/v2\/product_cat?post=17262"},{"taxonomy":"product_tag","embeddable":true,"href":"https:\/\/fittingsgo.com\/fr\/wp-json\/wp\/v2\/product_tag?post=17262"}],"curies":[{"name":"wp","href":"https:\/\/api.w.org\/{rel}","templated":true}]}}