{"id":17258,"date":"2020-06-28T22:04:30","date_gmt":"2020-06-29T03:04:30","guid":{"rendered":"https:\/\/fittingsgo.com\/product\/kit-de-pression-dhuile-de-transmission-moteur-de-otc\/"},"modified":"2020-06-28T22:04:30","modified_gmt":"2020-06-29T03:04:30","slug":"kit-de-pression-dhuile-de-transmission-moteur-de-otc","status":"publish","type":"product","link":"https:\/\/fittingsgo.com\/fr\/produit\/kit-de-pression-dhuile-de-transmission-moteur-de-otc\/","title":{"rendered":"Kit de pression d&#8217;huile de transmission \/ moteur de OTC"},"content":{"rendered":"<p>5610<\/p>\n<div id=\"themify_builder_content-17258\" data-postid=\"17258\" class=\"themify_builder_content themify_builder_content-17258 themify_builder\">\n    <\/div>\n<!-- \/themify_builder_content -->\n","protected":false},"excerpt":{"rendered":"<p>&#8211; Peut \u00eatre utilis\u00e9 pour les applications domestiques et d&#8217;importation<br \/>\n&#8211; Con\u00e7u pour \u00eatre utilis\u00e9 \u00e0 la fois pour les essais statiques et sur route<br \/>\n&#8211; Le kit comprend 13 adaptateurs pour la plupart des applications<br \/>\n&#8211; Le manom\u00e8tre haute pression lit 0-400 psi et 0-2800 kPa<br \/>\n&#8211; Le manom\u00e8tre basse pression indique 0-100 psi et 0-700 kPa<br \/>\nComposants: <a href=\"https:\/\/fittingsgo.com\/wp-content\/uploads\/2020\/06\/0001-000-3902_5610_label.pdf\" target=\"_blank\" rel=\"noopener noreferrer\">0001-000-3902_5610_label<\/a><br \/>\nFabriqu\u00e9 par OTC<\/p>\n","protected":false},"featured_media":17254,"comment_status":"open","ping_status":"closed","template":"","meta":[],"product_brand":[],"product_cat":[339],"product_tag":[],"class_list":{"0":"post-17258","1":"product","2":"type-product","3":"status-publish","4":"has-post-thumbnail","6":"product_cat-outils-de-moteur-transmission","7":"has-post-title","8":"has-post-date","9":"has-post-category","10":"has-post-tag","11":"has-post-comment","12":"has-post-author","13":"","14":"fullcover","16":"first","17":"instock","18":"taxable","19":"shipping-taxable","20":"purchasable","21":"product-type-simple"},"jetpack_sharing_enabled":true,"builder_content":"","_links":{"self":[{"href":"https:\/\/fittingsgo.com\/fr\/wp-json\/wp\/v2\/product\/17258","targetHints":{"allow":["GET"]}}],"collection":[{"href":"https:\/\/fittingsgo.com\/fr\/wp-json\/wp\/v2\/product"}],"about":[{"href":"https:\/\/fittingsgo.com\/fr\/wp-json\/wp\/v2\/types\/product"}],"replies":[{"embeddable":true,"href":"https:\/\/fittingsgo.com\/fr\/wp-json\/wp\/v2\/comments?post=17258"}],"wp:featuredmedia":[{"embeddable":true,"href":"https:\/\/fittingsgo.com\/fr\/wp-json\/wp\/v2\/media\/17254"}],"wp:attachment":[{"href":"https:\/\/fittingsgo.com\/fr\/wp-json\/wp\/v2\/media?parent=17258"}],"wp:term":[{"taxonomy":"product_brand","embeddable":true,"href":"https:\/\/fittingsgo.com\/fr\/wp-json\/wp\/v2\/product_brand?post=17258"},{"taxonomy":"product_cat","embeddable":true,"href":"https:\/\/fittingsgo.com\/fr\/wp-json\/wp\/v2\/product_cat?post=17258"},{"taxonomy":"product_tag","embeddable":true,"href":"https:\/\/fittingsgo.com\/fr\/wp-json\/wp\/v2\/product_tag?post=17258"}],"curies":[{"name":"wp","href":"https:\/\/api.w.org\/{rel}","templated":true}]}}