{"id":17243,"date":"2020-06-28T21:30:03","date_gmt":"2020-06-29T02:30:03","guid":{"rendered":"https:\/\/fittingsgo.com\/product\/antifriction-pour-moteur-tma-99\/"},"modified":"2022-10-26T15:44:13","modified_gmt":"2022-10-26T20:44:13","slug":"antifriction-pour-moteur-tma-99","status":"publish","type":"product","link":"https:\/\/fittingsgo.com\/fr\/produit\/antifriction-pour-moteur-tma-99\/","title":{"rendered":"Antifriction pour moteur TMA-99"},"content":{"rendered":"<p>Le TMA-99 ne contient ni chlore ni T\u00e9flon ce qui en fait un produit s\u00e9curitaire; en effet, il pr\u00e9vient l&#8217;obstruction du filtre et offre une r\u00e9sistance exceptionnelle face aux contaminants (eau, essence, antigel). Ainsi, le TMA-99 maintient la propret\u00e9 de l&#8217;huile et prolonge sa dur\u00e9e de vie ce qui permet de diminuer la fr\u00e9quence des changements d&#8217;huile.<br \/>\n&#8211; Utilisez le TMA-99 dans tout moteur 4 temps, qu&#8217;il soit \u00e0 essence ou \u00e0 carburant diesel (automobile, fourgonnette, petit camion, bateau, etc.).<br \/>\n&#8211; Apr\u00e8s les premiers 5000 km, ajoutez le TMA-99 \u00e0 l&#8217;huile moteur lors de chaque vidange d&#8217;huile. Pour un meilleur rendement, ajoutez \u00e0 de l&#8217;huile neuve et changez le filtre. Une bouteille de 350 ml de TMA-99 traite jusqu&#8217;\u00e0 5 litres d&#8217;huile. Pour les carters de fortes capacit\u00e9s, ajoutez de 7 \u00e0 10% de la capacit\u00e9 du carter de TMA-99 (maximum 2 litres).<br \/>\n181350<\/p>\n<div id=\"themify_builder_content-17243\" data-postid=\"17243\" class=\"themify_builder_content themify_builder_content-17243 themify_builder\">\n    <\/div>\n<!-- \/themify_builder_content -->\n","protected":false},"excerpt":{"rendered":"<p>Le traitement antifriction pour moteur TMA-99 est formul\u00e9 avec des composantes de haute qualit\u00e9. Ajout\u00e9 \u00e0 votre huile moteur, il r\u00e9duit la friction, assure un roulement plus doux et pr\u00e9vient l&#8217;usure lors des d\u00e9marrages, notamment par temps froid. Le TMA-99 adh\u00e8re aux surfaces ce qui lui permet de r\u00e9duire le frottement m\u00e9tal sur m\u00e9tal. Il contribue \u00e0 r\u00e9tablir la puissance d&#8217;origine de votre moteur, en augmente la performance et aide \u00e0 r\u00e9duire la consommation d&#8217;essence ou de carburant diesel.<br \/>\n350 ml<br \/>\nFabriqu\u00e9 par Prolab<\/p>\n","protected":false},"featured_media":17242,"comment_status":"open","ping_status":"closed","template":"","meta":[],"product_brand":[],"product_cat":[563],"product_tag":[],"class_list":{"0":"post-17243","1":"product","2":"type-product","3":"status-publish","4":"has-post-thumbnail","6":"product_cat-additifs-huile","7":"has-post-title","8":"has-post-date","9":"has-post-category","10":"has-post-tag","11":"has-post-comment","12":"has-post-author","13":"","14":"fullcover","16":"first","17":"instock","18":"taxable","19":"shipping-taxable","20":"purchasable","21":"product-type-simple"},"jetpack_sharing_enabled":true,"builder_content":"","_links":{"self":[{"href":"https:\/\/fittingsgo.com\/fr\/wp-json\/wp\/v2\/product\/17243","targetHints":{"allow":["GET"]}}],"collection":[{"href":"https:\/\/fittingsgo.com\/fr\/wp-json\/wp\/v2\/product"}],"about":[{"href":"https:\/\/fittingsgo.com\/fr\/wp-json\/wp\/v2\/types\/product"}],"replies":[{"embeddable":true,"href":"https:\/\/fittingsgo.com\/fr\/wp-json\/wp\/v2\/comments?post=17243"}],"wp:featuredmedia":[{"embeddable":true,"href":"https:\/\/fittingsgo.com\/fr\/wp-json\/wp\/v2\/media\/17242"}],"wp:attachment":[{"href":"https:\/\/fittingsgo.com\/fr\/wp-json\/wp\/v2\/media?parent=17243"}],"wp:term":[{"taxonomy":"product_brand","embeddable":true,"href":"https:\/\/fittingsgo.com\/fr\/wp-json\/wp\/v2\/product_brand?post=17243"},{"taxonomy":"product_cat","embeddable":true,"href":"https:\/\/fittingsgo.com\/fr\/wp-json\/wp\/v2\/product_cat?post=17243"},{"taxonomy":"product_tag","embeddable":true,"href":"https:\/\/fittingsgo.com\/fr\/wp-json\/wp\/v2\/product_tag?post=17243"}],"curies":[{"name":"wp","href":"https:\/\/api.w.org\/{rel}","templated":true}]}}