{"id":17084,"date":"2020-06-01T22:10:24","date_gmt":"2020-06-02T03:10:24","guid":{"rendered":"https:\/\/fittingsgo.com\/product\/kit-de-test-du-collecteur-r1234yf\/"},"modified":"2020-06-01T22:15:22","modified_gmt":"2020-06-02T03:15:22","slug":"kit-de-test-du-collecteur-r1234yf","status":"publish","type":"product","link":"https:\/\/fittingsgo.com\/fr\/produit\/kit-de-test-du-collecteur-r1234yf\/","title":{"rendered":"Kit de test du collecteur R1234yf"},"content":{"rendered":"<p>83272<br \/>\n&#8211; Les jauges anti-flutter facilitent le mouvement de l&#8217;aiguille<br \/>\n&#8211; \u00c9chelles de temp\u00e9rature faciles \u00e0 lire sur la face de la jauge<br \/>\n&#8211; Jauges faciles \u00e0 recalibrer pour assurer la pr\u00e9cision<br \/>\n&#8211; Verre extra large pour des contr\u00f4les visuels du r\u00e9frig\u00e9rant<br \/>\n&#8211; Boutons orient\u00e9s vers l&#8217;avant \u00e0 prise facile<br \/>\n&#8211; Les soupapes \u00e0 piston flottant r\u00e9duisent l&#8217;usure des joints toriques<br \/>\n&#8211; Bloc collecteur assembl\u00e9 avec (3) raccords 12 mm-F selon SAE J2888<br \/>\n&#8211; Les tuyaux de barri\u00e8re en nylon rouge et bleu avec raccords 12 mm-M des deux c\u00f4t\u00e9s r\u00e9pondent \u00e0 la norme SAE<br \/>\nNormes J2888, EPA, SAE et UL<br \/>\n&#8211; Tuyau jaune 12 mm raccord d&#8217;un c\u00f4t\u00e9 et 1\/2 x 16 ACME LH de l&#8217;autre<br \/>\nSAE J2888<br \/>\n&#8211; R1234yf coupleurs c\u00f4t\u00e9 haut et bas avec manchon de protection de d\u00e9connexion \u00e9tendu<br \/>\nrencontre SAE J639 et J288<\/p>\n<div id=\"themify_builder_content-17084\" data-postid=\"17084\" class=\"themify_builder_content themify_builder_content-17084 themify_builder\">\n    <\/div>\n<!-- \/themify_builder_content -->\n","protected":false},"excerpt":{"rendered":"<p>&#8211; (3) tuyaux de 72 po<br \/>\n&#8211; R1234yf coupleurs c\u00f4t\u00e9 haut et bas<br \/>\n&#8211; Jauges 3-1\/2 po<br \/>\n&#8211; Unit\u00e9s de mesure Bar\/PSI<br \/>\nFabriqu\u00e9 par Mastercool<\/p>\n","protected":false},"featured_media":17093,"comment_status":"open","ping_status":"closed","template":"","meta":[],"product_brand":[],"product_cat":[533],"product_tag":[],"class_list":{"0":"post-17084","1":"product","2":"type-product","3":"status-publish","4":"has-post-thumbnail","6":"product_cat-outils-a-air-climatise","7":"has-post-title","8":"has-post-date","9":"has-post-category","10":"has-post-tag","11":"has-post-comment","12":"has-post-author","13":"","14":"fullcover","16":"first","17":"instock","18":"taxable","19":"shipping-taxable","20":"purchasable","21":"product-type-simple"},"jetpack_sharing_enabled":true,"builder_content":"","_links":{"self":[{"href":"https:\/\/fittingsgo.com\/fr\/wp-json\/wp\/v2\/product\/17084","targetHints":{"allow":["GET"]}}],"collection":[{"href":"https:\/\/fittingsgo.com\/fr\/wp-json\/wp\/v2\/product"}],"about":[{"href":"https:\/\/fittingsgo.com\/fr\/wp-json\/wp\/v2\/types\/product"}],"replies":[{"embeddable":true,"href":"https:\/\/fittingsgo.com\/fr\/wp-json\/wp\/v2\/comments?post=17084"}],"wp:featuredmedia":[{"embeddable":true,"href":"https:\/\/fittingsgo.com\/fr\/wp-json\/wp\/v2\/media\/17093"}],"wp:attachment":[{"href":"https:\/\/fittingsgo.com\/fr\/wp-json\/wp\/v2\/media?parent=17084"}],"wp:term":[{"taxonomy":"product_brand","embeddable":true,"href":"https:\/\/fittingsgo.com\/fr\/wp-json\/wp\/v2\/product_brand?post=17084"},{"taxonomy":"product_cat","embeddable":true,"href":"https:\/\/fittingsgo.com\/fr\/wp-json\/wp\/v2\/product_cat?post=17084"},{"taxonomy":"product_tag","embeddable":true,"href":"https:\/\/fittingsgo.com\/fr\/wp-json\/wp\/v2\/product_tag?post=17084"}],"curies":[{"name":"wp","href":"https:\/\/api.w.org\/{rel}","templated":true}]}}