{"id":17080,"date":"2020-05-31T23:37:15","date_gmt":"2020-06-01T04:37:15","guid":{"rendered":"https:\/\/fittingsgo.com\/product\/boyaux-de-recharge-pour-r1234yf\/"},"modified":"2020-05-31T23:43:45","modified_gmt":"2020-06-01T04:43:45","slug":"boyaux-de-recharge-pour-r1234yf","status":"publish","type":"product","link":"https:\/\/fittingsgo.com\/fr\/produit\/boyaux-de-recharge-pour-r1234yf\/","title":{"rendered":"Boyaux de recharge pour R1234yf"},"content":{"rendered":"<p>ATD-3664, ATD3664<\/p>\n<div id=\"themify_builder_content-17080\" data-postid=\"17080\" class=\"themify_builder_content themify_builder_content-17080 themify_builder\">\n    <\/div>\n<!-- \/themify_builder_content -->\n","protected":false},"excerpt":{"rendered":"<p>&#8211; Charger les syst\u00e8mes de climatisation \u00e0 l&#8217;aide de canettes con\u00e7ues pour percer le R1234yf<br \/>\n&#8211; Avant de retirer la soupape de la bo\u00eete pour \u00e9limination, assurez-vous que tout le r\u00e9frig\u00e9rant a \u00e9t\u00e9 utilis\u00e9.<br \/>\nFabriqu\u00e9 par ATD Tools<\/p>\n","protected":false},"featured_media":17079,"comment_status":"open","ping_status":"closed","template":"","meta":[],"product_brand":[],"product_cat":[533],"product_tag":[],"class_list":{"0":"post-17080","1":"product","2":"type-product","3":"status-publish","4":"has-post-thumbnail","6":"product_cat-outils-a-air-climatise","7":"has-post-title","8":"has-post-date","9":"has-post-category","10":"has-post-tag","11":"has-post-comment","12":"has-post-author","13":"","14":"fullcover","16":"first","17":"instock","18":"taxable","19":"shipping-taxable","20":"purchasable","21":"product-type-simple"},"jetpack_sharing_enabled":true,"builder_content":"","_links":{"self":[{"href":"https:\/\/fittingsgo.com\/fr\/wp-json\/wp\/v2\/product\/17080","targetHints":{"allow":["GET"]}}],"collection":[{"href":"https:\/\/fittingsgo.com\/fr\/wp-json\/wp\/v2\/product"}],"about":[{"href":"https:\/\/fittingsgo.com\/fr\/wp-json\/wp\/v2\/types\/product"}],"replies":[{"embeddable":true,"href":"https:\/\/fittingsgo.com\/fr\/wp-json\/wp\/v2\/comments?post=17080"}],"wp:featuredmedia":[{"embeddable":true,"href":"https:\/\/fittingsgo.com\/fr\/wp-json\/wp\/v2\/media\/17079"}],"wp:attachment":[{"href":"https:\/\/fittingsgo.com\/fr\/wp-json\/wp\/v2\/media?parent=17080"}],"wp:term":[{"taxonomy":"product_brand","embeddable":true,"href":"https:\/\/fittingsgo.com\/fr\/wp-json\/wp\/v2\/product_brand?post=17080"},{"taxonomy":"product_cat","embeddable":true,"href":"https:\/\/fittingsgo.com\/fr\/wp-json\/wp\/v2\/product_cat?post=17080"},{"taxonomy":"product_tag","embeddable":true,"href":"https:\/\/fittingsgo.com\/fr\/wp-json\/wp\/v2\/product_tag?post=17080"}],"curies":[{"name":"wp","href":"https:\/\/api.w.org\/{rel}","templated":true}]}}