{"id":17052,"date":"2020-05-31T22:12:24","date_gmt":"2020-06-01T03:12:24","guid":{"rendered":"https:\/\/fittingsgo.com\/product\/pompes-a-vide-a-un-etage-vacumaster-de-robinair\/"},"modified":"2020-05-31T22:16:35","modified_gmt":"2020-06-01T03:16:35","slug":"pompes-a-vide-a-un-etage-vacumaster-de-robinair","status":"publish","type":"product","link":"https:\/\/fittingsgo.com\/fr\/produit\/pompes-a-vide-a-un-etage-vacumaster-de-robinair\/","title":{"rendered":"Pompes \u00e0 vide \u00e0 un \u00e9tage VacuMaster de Robinair"},"content":{"rendered":"<p>15115<\/p>\n<p>Fonctionnalit\u00e9s:<br \/>\nLa conception \u00e0 palettes rotatives en une \u00e9tape &#8211; offre une capacit\u00e9 de vide puissante et silencieuse et assure l&#8217;\u00e9limination de l&#8217;humidit\u00e9, tandis que la capacit\u00e9 de pompage \u00e9lev\u00e9e r\u00e9duit le temps d&#8217;\u00e9vacuation.<br \/>\nSoupape de vidange d&#8217;huile &#8211; Positionn\u00e9e au bas du r\u00e9servoir d&#8217;huile et inclin\u00e9e pour une vidange plus rapide et plus compl\u00e8te.<br \/>\nOrifice de remplissage d&#8217;huile &#8211; Rend l&#8217;ajout d&#8217;huile simple, car l&#8217;orifice est accessible par l&#8217;avant ou les deux c\u00f4t\u00e9s. Le voyant \u00e0 l&#8217;avant de la pompe vous indique quand suffisamment d&#8217;huile a \u00e9t\u00e9 ajout\u00e9e.<br \/>\nL&#8217;\u00e9cran d&#8217;admission &#8211; emp\u00eache les corps \u00e9trangers de p\u00e9n\u00e9trer dans la chambre de pompage, et un filtre d&#8217;\u00e9chappement interne s\u00e9pare la vapeur d&#8217;huile du flux d&#8217;\u00e9chappement.<br \/>\nBo\u00eetier en aluminium et aubes rotatives &#8211; L\u00e9g\u00e8res et facilement transportables.<\/p>\n<div id=\"themify_builder_content-17052\" data-postid=\"17052\" class=\"themify_builder_content themify_builder_content-17052 themify_builder\">\n    <\/div>\n<!-- \/themify_builder_content -->\n","protected":false},"excerpt":{"rendered":"<p>&#8211; Performances test\u00e9es pour r\u00e9pondre aux normes \u00e9lev\u00e9es de Robinair<br \/>\n&#8211; Indice CFM \u00e9lev\u00e9 pour une \u00e9vacuation rapide et compl\u00e8te.<br \/>\n&#8211; D\u00e9placement d&#8217;air libre: 1,5 CFM<br \/>\n&#8211; Indice de microns d&#8217;usine: 115 microns<br \/>\n&#8211; 1 \u00e9tape<br \/>\n&#8211; Raccord d&#8217;admission: \u00e9vasement 1\/4 po et 1\/2 Acme<br \/>\n&#8211; Capacit\u00e9 d&#8217;huile: 10 oz. (300 ml)<br \/>\n&#8211; Taille du moteur: 1\/5 ch<br \/>\n&#8211; Tension: 110V 60Hz<br \/>\n&#8211; 11,25 po H x 4,75 po L x 11,375 po L 286 mm x 124 mm x 288 mm<br \/>\nManuel: <a href=\"https:\/\/fittingsgo.com\/wp-content\/uploads\/2020\/05\/15115.pdf\" target=\"_blank\" rel=\"noopener noreferrer\">15115<\/a><\/p>\n","protected":false},"featured_media":17051,"comment_status":"open","ping_status":"closed","template":"","meta":[],"product_brand":[],"product_cat":[533],"product_tag":[],"class_list":{"0":"post-17052","1":"product","2":"type-product","3":"status-publish","4":"has-post-thumbnail","6":"product_cat-outils-a-air-climatise","7":"has-post-title","8":"has-post-date","9":"has-post-category","10":"has-post-tag","11":"has-post-comment","12":"has-post-author","13":"","14":"fullcover","16":"first","17":"onbackorder","18":"taxable","19":"shipping-taxable","20":"purchasable","21":"product-type-simple"},"jetpack_sharing_enabled":true,"builder_content":"","_links":{"self":[{"href":"https:\/\/fittingsgo.com\/fr\/wp-json\/wp\/v2\/product\/17052","targetHints":{"allow":["GET"]}}],"collection":[{"href":"https:\/\/fittingsgo.com\/fr\/wp-json\/wp\/v2\/product"}],"about":[{"href":"https:\/\/fittingsgo.com\/fr\/wp-json\/wp\/v2\/types\/product"}],"replies":[{"embeddable":true,"href":"https:\/\/fittingsgo.com\/fr\/wp-json\/wp\/v2\/comments?post=17052"}],"wp:featuredmedia":[{"embeddable":true,"href":"https:\/\/fittingsgo.com\/fr\/wp-json\/wp\/v2\/media\/17051"}],"wp:attachment":[{"href":"https:\/\/fittingsgo.com\/fr\/wp-json\/wp\/v2\/media?parent=17052"}],"wp:term":[{"taxonomy":"product_brand","embeddable":true,"href":"https:\/\/fittingsgo.com\/fr\/wp-json\/wp\/v2\/product_brand?post=17052"},{"taxonomy":"product_cat","embeddable":true,"href":"https:\/\/fittingsgo.com\/fr\/wp-json\/wp\/v2\/product_cat?post=17052"},{"taxonomy":"product_tag","embeddable":true,"href":"https:\/\/fittingsgo.com\/fr\/wp-json\/wp\/v2\/product_tag?post=17052"}],"curies":[{"name":"wp","href":"https:\/\/api.w.org\/{rel}","templated":true}]}}