{"id":17041,"date":"2020-05-31T21:38:01","date_gmt":"2020-06-01T02:38:01","guid":{"rendered":"https:\/\/fittingsgo.com\/product\/assortiment-de-ressorts-daccelerateur\/"},"modified":"2020-05-31T21:40:02","modified_gmt":"2020-06-01T02:40:02","slug":"assortiment-de-ressorts-daccelerateur","status":"publish","type":"product","link":"https:\/\/fittingsgo.com\/fr\/produit\/assortiment-de-ressorts-daccelerateur\/","title":{"rendered":"Assortiment de ressorts d&#8217;acc\u00e9l\u00e9rateur"},"content":{"rendered":"<p>59002<\/p>\n<div id=\"themify_builder_content-17041\" data-postid=\"17041\" class=\"themify_builder_content themify_builder_content-17041 themify_builder\">\n    <\/div>\n<!-- \/themify_builder_content -->\n","protected":false},"excerpt":{"rendered":"<p>&#8211; Remet l&#8217;acc\u00e9l\u00e9rateur en fonctionnement normal<br \/>\n&#8211; Conception en acier \u00e0 ressort durable<br \/>\n&#8211; Emball\u00e9 de mani\u00e8re pratique dans une vari\u00e9t\u00e9 de tailles, d&#8217;assortiments et de longueurs<br \/>\n&#8211; Convient \u00e9galement pour diverses r\u00e9parations automobiles<br \/>\nFabriqu\u00e9 par Dorman<\/p>\n","protected":false},"featured_media":17040,"comment_status":"open","ping_status":"closed","template":"","meta":[],"product_brand":[],"product_cat":[684],"product_tag":[],"class_list":{"0":"post-17041","1":"product","2":"type-product","3":"status-publish","4":"has-post-thumbnail","6":"product_cat-ressorts","7":"has-post-title","8":"has-post-date","9":"has-post-category","10":"has-post-tag","11":"has-post-comment","12":"has-post-author","13":"","14":"fullcover","16":"first","17":"instock","18":"taxable","19":"shipping-taxable","20":"purchasable","21":"product-type-simple"},"jetpack_sharing_enabled":true,"builder_content":"","_links":{"self":[{"href":"https:\/\/fittingsgo.com\/fr\/wp-json\/wp\/v2\/product\/17041","targetHints":{"allow":["GET"]}}],"collection":[{"href":"https:\/\/fittingsgo.com\/fr\/wp-json\/wp\/v2\/product"}],"about":[{"href":"https:\/\/fittingsgo.com\/fr\/wp-json\/wp\/v2\/types\/product"}],"replies":[{"embeddable":true,"href":"https:\/\/fittingsgo.com\/fr\/wp-json\/wp\/v2\/comments?post=17041"}],"wp:featuredmedia":[{"embeddable":true,"href":"https:\/\/fittingsgo.com\/fr\/wp-json\/wp\/v2\/media\/17040"}],"wp:attachment":[{"href":"https:\/\/fittingsgo.com\/fr\/wp-json\/wp\/v2\/media?parent=17041"}],"wp:term":[{"taxonomy":"product_brand","embeddable":true,"href":"https:\/\/fittingsgo.com\/fr\/wp-json\/wp\/v2\/product_brand?post=17041"},{"taxonomy":"product_cat","embeddable":true,"href":"https:\/\/fittingsgo.com\/fr\/wp-json\/wp\/v2\/product_cat?post=17041"},{"taxonomy":"product_tag","embeddable":true,"href":"https:\/\/fittingsgo.com\/fr\/wp-json\/wp\/v2\/product_tag?post=17041"}],"curies":[{"name":"wp","href":"https:\/\/api.w.org\/{rel}","templated":true}]}}